{"id":1292,"date":"2024-02-10T14:53:42","date_gmt":"2024-02-10T13:53:42","guid":{"rendered":"https:\/\/onlinefactory.org\/?page_id=1292"},"modified":"2024-02-12T20:58:12","modified_gmt":"2024-02-12T19:58:12","slug":"contact-us","status":"publish","type":"page","link":"https:\/\/onlinefactory.org\/hu\/contact-us\/","title":{"rendered":"Kapcsolat"},"content":{"rendered":"<div data-elementor-type=\"wp-page\" data-elementor-id=\"1292\" class=\"elementor elementor-1292\">\n\t\t\t\t\t\t<section class=\"elementor-section elementor-top-section elementor-element elementor-element-4775886 elementor-section-boxed elementor-section-height-default elementor-section-height-default\" data-id=\"4775886\" data-element_type=\"section\" data-settings=\"{&quot;background_background&quot;:&quot;classic&quot;}\">\n\t\t\t\t\t\t<div class=\"elementor-container elementor-column-gap-default\">\n\t\t\t\t\t<div class=\"elementor-column elementor-col-100 elementor-top-column elementor-element elementor-element-4b5e3cb\" data-id=\"4b5e3cb\" data-element_type=\"column\">\n\t\t\t<div class=\"elementor-widget-wrap elementor-element-populated\">\n\t\t\t\t\t\t<section class=\"elementor-section elementor-inner-section elementor-element elementor-element-829c331 elementor-section-boxed elementor-section-height-default elementor-section-height-default\" data-id=\"829c331\" data-element_type=\"section\">\n\t\t\t\t\t\t<div class=\"elementor-container elementor-column-gap-default\">\n\t\t\t\t\t<div class=\"elementor-column elementor-col-33 elementor-inner-column elementor-element elementor-element-c2a5da1\" data-id=\"c2a5da1\" data-element_type=\"column\">\n\t\t\t<div class=\"elementor-widget-wrap\">\n\t\t\t\t\t\t\t<\/div>\n\t\t<\/div>\n\t\t\t\t<div class=\"elementor-column elementor-col-33 elementor-inner-column elementor-element elementor-element-d5e54b2\" data-id=\"d5e54b2\" data-element_type=\"column\">\n\t\t\t<div class=\"elementor-widget-wrap elementor-element-populated\">\n\t\t\t\t\t\t<div class=\"elementor-element elementor-element-3276eb4 elementor-invisible elementor-widget elementor-widget-UltimateAreaTitle\" data-id=\"3276eb4\" data-element_type=\"widget\" data-settings=\"{&quot;_animation&quot;:&quot;fadeIn&quot;,&quot;ultimate_floating_fx_translate_y&quot;:{&quot;unit&quot;:&quot;px&quot;,&quot;size&quot;:&quot;&quot;,&quot;sizes&quot;:[]}}\" data-widget_type=\"UltimateAreaTitle.default\">\n\t\t\t\t<div class=\"elementor-widget-container\">\n\t\t\t\t\t<div class=\"area__content\">\t\t\t\r\n\t\t\t\t\r\n\t\t\t\t<div class=\"area__subtitle\">Kapcsolat<\/div><div class=\"area__title\"><p>L\u00e9pjen vel\u00fcnk kapcsolatba<\/p>\n<\/div>\r\n\t\t\t\t<div class=\"area__description\"><p>Emelj\u00fck \u00e1t az elk\u00e9pzel\u00e9s\u00e9t a val\u00f3s\u00e1gba!<\/p>\n<\/div>\r\n\t\t\t\t<\/div>\t\t\t\t<\/div>\n\t\t\t\t<\/div>\n\t\t\t\t\t<\/div>\n\t\t<\/div>\n\t\t\t\t<div class=\"elementor-column elementor-col-33 elementor-inner-column elementor-element elementor-element-8d30123\" data-id=\"8d30123\" data-element_type=\"column\">\n\t\t\t<div class=\"elementor-widget-wrap\">\n\t\t\t\t\t\t\t<\/div>\n\t\t<\/div>\n\t\t\t\t\t<\/div>\n\t\t<\/section>\n\t\t\t\t<section class=\"elementor-section elementor-inner-section elementor-element elementor-element-6f313c6 elementor-section-boxed elementor-section-height-default elementor-section-height-default\" data-id=\"6f313c6\" data-element_type=\"section\">\n\t\t\t\t\t\t<div class=\"elementor-container elementor-column-gap-default\">\n\t\t\t\t\t<div class=\"elementor-column elementor-col-33 elementor-inner-column elementor-element elementor-element-661d114\" data-id=\"661d114\" data-element_type=\"column\">\n\t\t\t<div class=\"elementor-widget-wrap elementor-element-populated\">\n\t\t\t\t\t\t<div class=\"elementor-element elementor-element-e306d75 elementor-invisible elementor-widget elementor-widget-Ultimate_Box_Widget\" data-id=\"e306d75\" data-element_type=\"widget\" data-settings=\"{&quot;_animation&quot;:&quot;fadeInUp&quot;,&quot;_animation_delay&quot;:300,&quot;ultimate_floating_fx_translate_y&quot;:{&quot;unit&quot;:&quot;px&quot;,&quot;size&quot;:&quot;&quot;,&quot;sizes&quot;:[]}}\" data-widget_type=\"Ultimate_Box_Widget.default\">\n\t\t\t\t<div class=\"elementor-widget-container\">\n\t\t\t\t\t\r\n\t\t\t\t<div class=\"single__box single__box__layout__1\">\r\n\t\t\t\t\t\r\n\t\t\t\t\t<div class=\"box__icon\"><i class=\"fas fa-phone-alt\"><\/i><\/div>\r\n\t\t\t\t\t<h3 class=\"box__title\">H\u00edvjon!<\/h3>\r\n\t\t\t\t\t<div class=\"box__description\"><p>+36 h\u00fasz 339 04 38<\/p>\n<\/div>\r\n\t\t\t\t\t\r\n\t\t\t\t<\/div>\r\n\t\t\t\t\t\t\t<\/div>\n\t\t\t\t<\/div>\n\t\t\t\t\t<\/div>\n\t\t<\/div>\n\t\t\t\t<div class=\"elementor-column elementor-col-33 elementor-inner-column elementor-element elementor-element-f27c97b\" data-id=\"f27c97b\" data-element_type=\"column\">\n\t\t\t<div class=\"elementor-widget-wrap elementor-element-populated\">\n\t\t\t\t\t\t<div class=\"elementor-element elementor-element-2e501de elementor-invisible elementor-widget elementor-widget-Ultimate_Box_Widget\" data-id=\"2e501de\" data-element_type=\"widget\" data-settings=\"{&quot;_animation&quot;:&quot;fadeInUp&quot;,&quot;_animation_delay&quot;:600,&quot;ultimate_floating_fx_translate_y&quot;:{&quot;unit&quot;:&quot;px&quot;,&quot;size&quot;:&quot;&quot;,&quot;sizes&quot;:[]}}\" data-widget_type=\"Ultimate_Box_Widget.default\">\n\t\t\t\t<div class=\"elementor-widget-container\">\n\t\t\t\t\t\r\n\t\t\t\t<div class=\"single__box single__box__layout__1\">\r\n\t\t\t\t\t\r\n\t\t\t\t\t<div class=\"box__icon\"><i class=\"fas fa-envelope\"><\/i><\/div>\r\n\t\t\t\t\t<h3 class=\"box__title\">Email<\/h3>\r\n\t\t\t\t\t<div class=\"box__description\"><p>info@onlinefactory.org<\/p>\n<\/div>\r\n\t\t\t\t\t\r\n\t\t\t\t<\/div>\r\n\t\t\t\t\t\t\t<\/div>\n\t\t\t\t<\/div>\n\t\t\t\t\t<\/div>\n\t\t<\/div>\n\t\t\t\t<div class=\"elementor-column elementor-col-33 elementor-inner-column elementor-element elementor-element-6ab85cc\" data-id=\"6ab85cc\" data-element_type=\"column\">\n\t\t\t<div class=\"elementor-widget-wrap elementor-element-populated\">\n\t\t\t\t\t\t<div class=\"elementor-element elementor-element-39b921c elementor-invisible elementor-widget elementor-widget-Ultimate_Box_Widget\" data-id=\"39b921c\" data-element_type=\"widget\" data-settings=\"{&quot;_animation&quot;:&quot;fadeInUp&quot;,&quot;_animation_delay&quot;:900,&quot;ultimate_floating_fx_translate_y&quot;:{&quot;unit&quot;:&quot;px&quot;,&quot;size&quot;:&quot;&quot;,&quot;sizes&quot;:[]}}\" data-widget_type=\"Ultimate_Box_Widget.default\">\n\t\t\t\t<div class=\"elementor-widget-container\">\n\t\t\t\t\t\r\n\t\t\t\t<div class=\"single__box single__box__layout__1\">\r\n\t\t\t\t\t\r\n\t\t\t\t\t<div class=\"box__icon\"><i class=\"fab fa-facebook-f\"><\/i><\/div>\r\n\t\t\t\t\t<h3 class=\"box__title\"><a href=\"https:\/\/www.facebook.com\/profile.php?id=61556089994054\">Social<\/a><\/h3>\r\n\t\t\t\t\t<div class=\"box__description\"><p>Facebook<\/p>\n<\/div>\r\n\t\t\t\t\t\r\n\t\t\t\t<\/div>\r\n\t\t\t\t\t\t\t<\/div>\n\t\t\t\t<\/div>\n\t\t\t\t\t<\/div>\n\t\t<\/div>\n\t\t\t\t\t<\/div>\n\t\t<\/section>\n\t\t\t\t\t<\/div>\n\t\t<\/div>\n\t\t\t\t\t<\/div>\n\t\t<\/section>\n\t\t\t\t<section class=\"elementor-section elementor-top-section elementor-element elementor-element-73e0be6 elementor-section-boxed elementor-section-height-default elementor-section-height-default\" data-id=\"73e0be6\" data-element_type=\"section\">\n\t\t\t\t\t\t<div class=\"elementor-container elementor-column-gap-default\">\n\t\t\t\t\t<div class=\"elementor-column elementor-col-100 elementor-top-column elementor-element elementor-element-3c4cc0b\" data-id=\"3c4cc0b\" data-element_type=\"column\">\n\t\t\t<div class=\"elementor-widget-wrap elementor-element-populated\">\n\t\t\t\t\t\t<section class=\"elementor-section elementor-inner-section elementor-element elementor-element-55f60c1 elementor-section-content-middle elementor-reverse-tablet elementor-reverse-mobile elementor-section-boxed elementor-section-height-default elementor-section-height-default\" data-id=\"55f60c1\" data-element_type=\"section\">\n\t\t\t\t\t\t<div class=\"elementor-container elementor-column-gap-default\">\n\t\t\t\t\t<div class=\"elementor-column elementor-col-50 elementor-inner-column elementor-element elementor-element-bc928f4\" data-id=\"bc928f4\" data-element_type=\"column\">\n\t\t\t<div class=\"elementor-widget-wrap elementor-element-populated\">\n\t\t\t\t\t\t<div class=\"elementor-element elementor-element-f3a2743 elementor-invisible elementor-widget elementor-widget-UltimateAreaTitle\" data-id=\"f3a2743\" data-element_type=\"widget\" data-settings=\"{&quot;_animation&quot;:&quot;fadeInUp&quot;,&quot;_animation_delay&quot;:300,&quot;ultimate_floating_fx_translate_y&quot;:{&quot;unit&quot;:&quot;px&quot;,&quot;size&quot;:&quot;&quot;,&quot;sizes&quot;:[]}}\" data-widget_type=\"UltimateAreaTitle.default\">\n\t\t\t\t<div class=\"elementor-widget-container\">\n\t\t\t\t\t<div class=\"area__content\">\t\t\t\r\n\t\t\t\t\r\n\t\t\t\t<div class=\"area__subtitle\">C\u00e9gadatok<\/div><div class=\"area__title\"><p>Online Factory Kft<\/p>\n<\/div>\r\n\t\t\t\t<div class=\"area__description\"><p>Az \u00d6n strat\u00e9giai \u00e9s projekt menedzsment partnere.<\/p>\n<\/div>\r\n\t\t\t\t<\/div>\t\t\t\t<\/div>\n\t\t\t\t<\/div>\n\t\t\t\t<div class=\"elementor-element elementor-element-5f3d702 elementor-icon-list--layout-traditional elementor-list-item-link-full_width elementor-invisible elementor-widget elementor-widget-icon-list\" data-id=\"5f3d702\" data-element_type=\"widget\" data-settings=\"{&quot;_animation&quot;:&quot;fadeInUp&quot;,&quot;_animation_delay&quot;:400,&quot;ultimate_floating_fx_translate_y&quot;:{&quot;unit&quot;:&quot;px&quot;,&quot;size&quot;:&quot;&quot;,&quot;sizes&quot;:[]}}\" data-widget_type=\"icon-list.default\">\n\t\t\t\t<div class=\"elementor-widget-container\">\n\t\t\t\t\t\t\t<ul class=\"elementor-icon-list-items\">\n\t\t\t\t\t\t\t<li class=\"elementor-icon-list-item\">\n\t\t\t\t\t\t\t\t\t\t\t<span class=\"elementor-icon-list-icon\">\n\t\t\t\t\t\t\t<i aria-hidden=\"true\" class=\"fas fa-dot-circle\"><\/i>\t\t\t\t\t\t<\/span>\n\t\t\t\t\t\t\t\t\t\t<span class=\"elementor-icon-list-text\">C\u00e9gjegyz\u00e9ksz\u00e1m 13-09-232311<\/span>\n\t\t\t\t\t\t\t\t\t<\/li>\n\t\t\t\t\t\t\t\t<li class=\"elementor-icon-list-item\">\n\t\t\t\t\t\t\t\t\t\t\t<span class=\"elementor-icon-list-icon\">\n\t\t\t\t\t\t\t<i aria-hidden=\"true\" class=\"fas fa-dot-circle\"><\/i>\t\t\t\t\t\t<\/span>\n\t\t\t\t\t\t\t\t\t\t<span class=\"elementor-icon-list-text\">Ad\u00f3sz\u00e1m 32488038-2-13<\/span>\n\t\t\t\t\t\t\t\t\t<\/li>\n\t\t\t\t\t\t\t\t<li class=\"elementor-icon-list-item\">\n\t\t\t\t\t\t\t\t\t\t\t<span class=\"elementor-icon-list-icon\">\n\t\t\t\t\t\t\t<i aria-hidden=\"true\" class=\"fas fa-dot-circle\"><\/i>\t\t\t\t\t\t<\/span>\n\t\t\t\t\t\t\t\t\t\t<span class=\"elementor-icon-list-text\">Sz\u00e9khely 2141 Cs\u00f6m\u00f6r, Mogyor\u00f3di \u00fat 14\/A<\/span>\n\t\t\t\t\t\t\t\t\t<\/li>\n\t\t\t\t\t\t<\/ul>\n\t\t\t\t\t\t<\/div>\n\t\t\t\t<\/div>\n\t\t\t\t\t<\/div>\n\t\t<\/div>\n\t\t\t\t<div class=\"elementor-column elementor-col-50 elementor-inner-column elementor-element elementor-element-ebcffe0\" data-id=\"ebcffe0\" data-element_type=\"column\">\n\t\t\t<div class=\"elementor-widget-wrap elementor-element-populated\">\n\t\t\t\t\t\t<div class=\"elementor-element elementor-element-f6d3015 elementor-invisible elementor-widget elementor-widget-image\" data-id=\"f6d3015\" data-element_type=\"widget\" data-settings=\"{&quot;_animation&quot;:&quot;fadeInUp&quot;,&quot;_animation_delay&quot;:300,&quot;ultimate_floating_fx_translate_y&quot;:{&quot;unit&quot;:&quot;px&quot;,&quot;size&quot;:&quot;&quot;,&quot;sizes&quot;:[]}}\" data-widget_type=\"image.default\">\n\t\t\t\t<div class=\"elementor-widget-container\">\n\t\t\t\t\t\t\t\t\t\t\t\t\t\t\t<img fetchpriority=\"high\" decoding=\"async\" width=\"640\" height=\"640\" src=\"https:\/\/onlinefactory.org\/wp-content\/uploads\/2024\/01\/IMG_9087-1024x1024.jpeg\" class=\"attachment-large size-large wp-image-4413\" alt=\"ERP\" srcset=\"https:\/\/onlinefactory.org\/wp-content\/uploads\/2024\/01\/IMG_9087-1024x1024.jpeg 1024w, https:\/\/onlinefactory.org\/wp-content\/uploads\/2024\/01\/IMG_9087-300x300.jpeg 300w, https:\/\/onlinefactory.org\/wp-content\/uploads\/2024\/01\/IMG_9087-150x150.jpeg 150w, https:\/\/onlinefactory.org\/wp-content\/uploads\/2024\/01\/IMG_9087-768x768.jpeg 768w, https:\/\/onlinefactory.org\/wp-content\/uploads\/2024\/01\/IMG_9087-1536x1536.jpeg 1536w, https:\/\/onlinefactory.org\/wp-content\/uploads\/2024\/01\/IMG_9087-12x12.jpeg 12w, https:\/\/onlinefactory.org\/wp-content\/uploads\/2024\/01\/IMG_9087-330x330.jpeg 330w, https:\/\/onlinefactory.org\/wp-content\/uploads\/2024\/01\/IMG_9087-180x180.jpeg 180w, https:\/\/onlinefactory.org\/wp-content\/uploads\/2024\/01\/IMG_9087-400x400.jpeg 400w, https:\/\/onlinefactory.org\/wp-content\/uploads\/2024\/01\/IMG_9087.jpeg 2048w\" sizes=\"(max-width: 640px) 100vw, 640px\" \/>\t\t\t\t\t\t\t\t\t\t\t\t\t\t\t<\/div>\n\t\t\t\t<\/div>\n\t\t\t\t\t<\/div>\n\t\t<\/div>\n\t\t\t\t\t<\/div>\n\t\t<\/section>\n\t\t\t\t\t<\/div>\n\t\t<\/div>\n\t\t\t\t\t<\/div>\n\t\t<\/section>\n\t\t\t\t<\/div>","protected":false},"excerpt":{"rendered":"<p>Contact Fell free contact us toady and get your solution We speak fluent tech, from vintage to cutting-edge. Let&#8217;s translate [&hellip;]<\/p>","protected":false},"author":1,"featured_media":0,"parent":0,"menu_order":0,"comment_status":"closed","ping_status":"closed","template":"template\/composer.php","meta":{"_monsterinsights_skip_tracking":false,"_monsterinsights_sitenote_active":false,"_monsterinsights_sitenote_note":"","_monsterinsights_sitenote_category":0,"footnotes":""},"class_list":["post-1292","page","type-page","status-publish","hentry","no-post-thumbnail"],"yoast_head":"<!-- This site is optimized with the Yoast SEO plugin v25.5 - https:\/\/yoast.com\/wordpress\/plugins\/seo\/ -->\n<title>Contact Us - Online Factory - Producing Quality Service &amp; Solutions<\/title>\n<meta name=\"robots\" content=\"index, follow, max-snippet:-1, max-image-preview:large, max-video-preview:-1\" \/>\n<link rel=\"canonical\" href=\"https:\/\/onlinefactory.org\/hu\/contact-us\/\" \/>\n<meta property=\"og:locale\" content=\"hu_HU\" \/>\n<meta property=\"og:type\" content=\"article\" \/>\n<meta property=\"og:title\" content=\"Contact Us - Online Factory - Producing Quality Service &amp; Solutions\" \/>\n<meta property=\"og:description\" content=\"Contact Fell free contact us toady and get your solution We speak fluent tech, from vintage to cutting-edge. Let&#8217;s translate [&hellip;]\" \/>\n<meta property=\"og:url\" content=\"https:\/\/onlinefactory.org\/hu\/contact-us\/\" \/>\n<meta property=\"og:site_name\" content=\"Online Factory - Producing Quality Service &amp; Solutions\" \/>\n<meta property=\"article:publisher\" content=\"https:\/\/www.facebook.com\/profile.php?id=61556089994054\" \/>\n<meta property=\"article:modified_time\" content=\"2024-02-12T19:58:12+00:00\" \/>\n<meta property=\"og:image\" content=\"https:\/\/onlinefactory.org\/wp-content\/uploads\/2024\/01\/IMG_9087-1024x1024.jpeg\" \/>\n<meta name=\"twitter:card\" content=\"summary_large_image\" \/>\n<meta name=\"twitter:label1\" content=\"Becs\u00fclt olvas\u00e1si id\u0151\" \/>\n\t<meta name=\"twitter:data1\" content=\"1 perc\" \/>\n<script type=\"application\/ld+json\" class=\"yoast-schema-graph\">{\"@context\":\"https:\/\/schema.org\",\"@graph\":[{\"@type\":\"WebPage\",\"@id\":\"https:\/\/onlinefactory.org\/contact-us\/\",\"url\":\"https:\/\/onlinefactory.org\/contact-us\/\",\"name\":\"Contact Us - Online Factory - Producing Quality Service &amp; Solutions\",\"isPartOf\":{\"@id\":\"https:\/\/onlinefactory.org\/#website\"},\"primaryImageOfPage\":{\"@id\":\"https:\/\/onlinefactory.org\/contact-us\/#primaryimage\"},\"image\":{\"@id\":\"https:\/\/onlinefactory.org\/contact-us\/#primaryimage\"},\"thumbnailUrl\":\"https:\/\/onlinefactory.org\/wp-content\/uploads\/2024\/01\/IMG_9087-1024x1024.jpeg\",\"datePublished\":\"2024-02-10T13:53:42+00:00\",\"dateModified\":\"2024-02-12T19:58:12+00:00\",\"breadcrumb\":{\"@id\":\"https:\/\/onlinefactory.org\/contact-us\/#breadcrumb\"},\"inLanguage\":\"hu\",\"potentialAction\":[{\"@type\":\"ReadAction\",\"target\":[\"https:\/\/onlinefactory.org\/contact-us\/\"]}]},{\"@type\":\"ImageObject\",\"inLanguage\":\"hu\",\"@id\":\"https:\/\/onlinefactory.org\/contact-us\/#primaryimage\",\"url\":\"https:\/\/onlinefactory.org\/wp-content\/uploads\/2024\/01\/IMG_9087-1024x1024.jpeg\",\"contentUrl\":\"https:\/\/onlinefactory.org\/wp-content\/uploads\/2024\/01\/IMG_9087-1024x1024.jpeg\"},{\"@type\":\"BreadcrumbList\",\"@id\":\"https:\/\/onlinefactory.org\/contact-us\/#breadcrumb\",\"itemListElement\":[{\"@type\":\"ListItem\",\"position\":1,\"name\":\"Home\",\"item\":\"https:\/\/onlinefactory.org\/\"},{\"@type\":\"ListItem\",\"position\":2,\"name\":\"Contact Us\"}]},{\"@type\":\"WebSite\",\"@id\":\"https:\/\/onlinefactory.org\/#website\",\"url\":\"https:\/\/onlinefactory.org\/\",\"name\":\"Online Factory - Producing Quality Service & Solutions\",\"description\":\"We speak fluent tech, from vintage to cutting-edge. Let&#039;s translate your vision into reality.\",\"publisher\":{\"@id\":\"https:\/\/onlinefactory.org\/#organization\"},\"potentialAction\":[{\"@type\":\"SearchAction\",\"target\":{\"@type\":\"EntryPoint\",\"urlTemplate\":\"https:\/\/onlinefactory.org\/?s={search_term_string}\"},\"query-input\":{\"@type\":\"PropertyValueSpecification\",\"valueRequired\":true,\"valueName\":\"search_term_string\"}}],\"inLanguage\":\"hu\"},{\"@type\":\"Organization\",\"@id\":\"https:\/\/onlinefactory.org\/#organization\",\"name\":\"Online Factory Kft.\",\"url\":\"https:\/\/onlinefactory.org\/\",\"logo\":{\"@type\":\"ImageObject\",\"inLanguage\":\"hu\",\"@id\":\"https:\/\/onlinefactory.org\/#\/schema\/logo\/image\/\",\"url\":\"https:\/\/onlinefactory.org\/wp-content\/uploads\/2024\/02\/OLFBlack.png\",\"contentUrl\":\"https:\/\/onlinefactory.org\/wp-content\/uploads\/2024\/02\/OLFBlack.png\",\"width\":180,\"height\":65,\"caption\":\"Online Factory Kft.\"},\"image\":{\"@id\":\"https:\/\/onlinefactory.org\/#\/schema\/logo\/image\/\"},\"sameAs\":[\"https:\/\/www.facebook.com\/profile.php?id=61556089994054\",\"https:\/\/www.instagram.com\/onlinefactoryorg\/\"]}]}<\/script>\n<!-- \/ Yoast SEO plugin. -->","yoast_head_json":{"title":"Online Factory - Kapcsolat","robots":{"index":"index","follow":"follow","max-snippet":"max-snippet:-1","max-image-preview":"max-image-preview:large","max-video-preview":"max-video-preview:-1"},"canonical":"https:\/\/onlinefactory.org\/hu\/contact-us\/","og_locale":"hu_HU","og_type":"article","og_title":"Contact Us - Online Factory - Producing Quality Service &amp; Solutions","og_description":"Contact Fell free contact us toady and get your solution We speak fluent tech, from vintage to cutting-edge. Let&#8217;s translate [&hellip;]","og_url":"https:\/\/onlinefactory.org\/hu\/contact-us\/","og_site_name":"Online Factory - Producing Quality Service &amp; Solutions","article_publisher":"https:\/\/www.facebook.com\/profile.php?id=61556089994054","article_modified_time":"2024-02-12T19:58:12+00:00","og_image":[{"url":"https:\/\/onlinefactory.org\/wp-content\/uploads\/2024\/01\/IMG_9087-1024x1024.jpeg","type":"","width":"","height":""}],"twitter_card":"summary_large_image","twitter_misc":{"Becs\u00fclt olvas\u00e1si id\u0151":"1 perc"},"schema":{"@context":"https:\/\/schema.org","@graph":[{"@type":"WebPage","@id":"https:\/\/onlinefactory.org\/contact-us\/","url":"https:\/\/onlinefactory.org\/contact-us\/","name":"Online Factory - Kapcsolat","isPartOf":{"@id":"https:\/\/onlinefactory.org\/#website"},"primaryImageOfPage":{"@id":"https:\/\/onlinefactory.org\/contact-us\/#primaryimage"},"image":{"@id":"https:\/\/onlinefactory.org\/contact-us\/#primaryimage"},"thumbnailUrl":"https:\/\/onlinefactory.org\/wp-content\/uploads\/2024\/01\/IMG_9087-1024x1024.jpeg","datePublished":"2024-02-10T13:53:42+00:00","dateModified":"2024-02-12T19:58:12+00:00","breadcrumb":{"@id":"https:\/\/onlinefactory.org\/contact-us\/#breadcrumb"},"inLanguage":"hu","potentialAction":[{"@type":"ReadAction","target":["https:\/\/onlinefactory.org\/contact-us\/"]}]},{"@type":"ImageObject","inLanguage":"hu","@id":"https:\/\/onlinefactory.org\/contact-us\/#primaryimage","url":"https:\/\/onlinefactory.org\/wp-content\/uploads\/2024\/01\/IMG_9087-1024x1024.jpeg","contentUrl":"https:\/\/onlinefactory.org\/wp-content\/uploads\/2024\/01\/IMG_9087-1024x1024.jpeg"},{"@type":"BreadcrumbList","@id":"https:\/\/onlinefactory.org\/contact-us\/#breadcrumb","itemListElement":[{"@type":"ListItem","position":1,"name":"Home","item":"https:\/\/onlinefactory.org\/"},{"@type":"ListItem","position":2,"name":"Contact Us"}]},{"@type":"WebSite","@id":"https:\/\/onlinefactory.org\/#website","url":"https:\/\/onlinefactory.org\/","name":"Online Factory - Producing Quality Service & Solutions","description":"We speak fluent tech, from vintage to cutting-edge. Let&#039;s translate your vision into reality.","publisher":{"@id":"https:\/\/onlinefactory.org\/#organization"},"potentialAction":[{"@type":"SearchAction","target":{"@type":"EntryPoint","urlTemplate":"https:\/\/onlinefactory.org\/?s={search_term_string}"},"query-input":{"@type":"PropertyValueSpecification","valueRequired":true,"valueName":"search_term_string"}}],"inLanguage":"hu"},{"@type":"Organization","@id":"https:\/\/onlinefactory.org\/#organization","name":"Online Factory Kft.","url":"https:\/\/onlinefactory.org\/","logo":{"@type":"ImageObject","inLanguage":"hu","@id":"https:\/\/onlinefactory.org\/#\/schema\/logo\/image\/","url":"https:\/\/onlinefactory.org\/wp-content\/uploads\/2024\/02\/OLFBlack.png","contentUrl":"https:\/\/onlinefactory.org\/wp-content\/uploads\/2024\/02\/OLFBlack.png","width":180,"height":65,"caption":"Online Factory Kft."},"image":{"@id":"https:\/\/onlinefactory.org\/#\/schema\/logo\/image\/"},"sameAs":["https:\/\/www.facebook.com\/profile.php?id=61556089994054","https:\/\/www.instagram.com\/onlinefactoryorg\/"]}]}},"_links":{"self":[{"href":"https:\/\/onlinefactory.org\/hu\/wp-json\/wp\/v2\/pages\/1292","targetHints":{"allow":["GET"]}}],"collection":[{"href":"https:\/\/onlinefactory.org\/hu\/wp-json\/wp\/v2\/pages"}],"about":[{"href":"https:\/\/onlinefactory.org\/hu\/wp-json\/wp\/v2\/types\/page"}],"author":[{"embeddable":true,"href":"https:\/\/onlinefactory.org\/hu\/wp-json\/wp\/v2\/users\/1"}],"replies":[{"embeddable":true,"href":"https:\/\/onlinefactory.org\/hu\/wp-json\/wp\/v2\/comments?post=1292"}],"version-history":[{"count":0,"href":"https:\/\/onlinefactory.org\/hu\/wp-json\/wp\/v2\/pages\/1292\/revisions"}],"wp:attachment":[{"href":"https:\/\/onlinefactory.org\/hu\/wp-json\/wp\/v2\/media?parent=1292"}],"curies":[{"name":"wp","href":"https:\/\/api.w.org\/{rel}","templated":true}]}}