{"id":1488,"date":"2021-06-21T08:50:20","date_gmt":"2021-06-21T08:50:20","guid":{"rendered":"https:\/\/onlinefactory.org\/?page_id=1488"},"modified":"2024-02-13T23:30:34","modified_gmt":"2024-02-13T22:30:34","slug":"faqs","status":"publish","type":"page","link":"https:\/\/onlinefactory.org\/hu\/faqs\/","title":{"rendered":"GyIK"},"content":{"rendered":"<div data-elementor-type=\"wp-page\" data-elementor-id=\"1488\" class=\"elementor elementor-1488\">\n\t\t\t\t\t\t<section class=\"elementor-section elementor-top-section elementor-element elementor-element-9fcc7b3 elementor-section-boxed elementor-section-height-default elementor-section-height-default\" data-id=\"9fcc7b3\" data-element_type=\"section\" data-settings=\"{&quot;background_background&quot;:&quot;classic&quot;}\">\n\t\t\t\t\t\t<div class=\"elementor-container elementor-column-gap-default\">\n\t\t\t\t\t<div class=\"elementor-column elementor-col-100 elementor-top-column elementor-element elementor-element-964d922\" data-id=\"964d922\" data-element_type=\"column\">\n\t\t\t<div class=\"elementor-widget-wrap elementor-element-populated\">\n\t\t\t\t\t\t<section class=\"elementor-section elementor-inner-section elementor-element elementor-element-b8a8196 elementor-section-boxed elementor-section-height-default elementor-section-height-default\" data-id=\"b8a8196\" data-element_type=\"section\">\n\t\t\t\t\t\t<div class=\"elementor-container elementor-column-gap-default\">\n\t\t\t\t\t<div class=\"elementor-column elementor-col-33 elementor-inner-column elementor-element elementor-element-061a905\" data-id=\"061a905\" data-element_type=\"column\">\n\t\t\t<div class=\"elementor-widget-wrap\">\n\t\t\t\t\t\t\t<\/div>\n\t\t<\/div>\n\t\t\t\t<div class=\"elementor-column elementor-col-33 elementor-inner-column elementor-element elementor-element-8d4ee66\" data-id=\"8d4ee66\" data-element_type=\"column\">\n\t\t\t<div class=\"elementor-widget-wrap elementor-element-populated\">\n\t\t\t\t\t\t<div class=\"elementor-element elementor-element-ffe67ce elementor-invisible elementor-widget elementor-widget-UltimateAreaTitle\" data-id=\"ffe67ce\" data-element_type=\"widget\" data-settings=\"{&quot;_animation&quot;:&quot;fadeIn&quot;,&quot;ultimate_floating_fx_translate_y&quot;:{&quot;unit&quot;:&quot;px&quot;,&quot;size&quot;:&quot;&quot;,&quot;sizes&quot;:[]}}\" data-widget_type=\"UltimateAreaTitle.default\">\n\t\t\t\t<div class=\"elementor-widget-container\">\n\t\t\t\t\t<div class=\"area__content\">\t\t\t\r\n\t\t\t\t\r\n\t\t\t\t<div class=\"area__subtitle\">GyIK<\/div><div class=\"area__title\"><p>Gyakran ism\u00e9telt k\u00e9rd\u00e9sek<\/p>\n<\/div>\r\n\t\t\t\t\r\n\t\t\t\t<\/div>\t\t\t\t<\/div>\n\t\t\t\t<\/div>\n\t\t\t\t\t<\/div>\n\t\t<\/div>\n\t\t\t\t<div class=\"elementor-column elementor-col-33 elementor-inner-column elementor-element elementor-element-457eaa6\" data-id=\"457eaa6\" data-element_type=\"column\">\n\t\t\t<div class=\"elementor-widget-wrap\">\n\t\t\t\t\t\t\t<\/div>\n\t\t<\/div>\n\t\t\t\t\t<\/div>\n\t\t<\/section>\n\t\t\t\t\t<\/div>\n\t\t<\/div>\n\t\t\t\t\t<\/div>\n\t\t<\/section>\n\t\t\t\t<section class=\"elementor-section elementor-top-section elementor-element elementor-element-49e0219 elementor-section-boxed elementor-section-height-default elementor-section-height-default\" data-id=\"49e0219\" data-element_type=\"section\" data-settings=\"{&quot;background_background&quot;:&quot;classic&quot;}\">\n\t\t\t\t\t\t<div class=\"elementor-container elementor-column-gap-default\">\n\t\t\t\t\t<div class=\"elementor-column elementor-col-100 elementor-top-column elementor-element elementor-element-bc8e226\" data-id=\"bc8e226\" data-element_type=\"column\">\n\t\t\t<div class=\"elementor-widget-wrap elementor-element-populated\">\n\t\t\t\t\t\t<div class=\"elementor-element elementor-element-2cbb644 elementor-widget elementor-widget-Ultimate_Adv_Accordion\" data-id=\"2cbb644\" data-element_type=\"widget\" data-settings=\"{&quot;ultimate_floating_fx_translate_y&quot;:{&quot;unit&quot;:&quot;px&quot;,&quot;size&quot;:&quot;&quot;,&quot;sizes&quot;:[]}}\" data-widget_type=\"Ultimate_Adv_Accordion.default\">\n\t\t\t\t<div class=\"elementor-widget-container\">\n\t\t\t\t\t\t<div\r\n\t\tclass=\"ultimate__adv__accordion\" id=\"ultimate__adv__accordion-2cbb644\"\t\tdata-accordion-id=\"2cbb644\"\t\tdata-accordion-type=\"accordion\"\t\tdata-toogle-speed=\"300\"\t>\r\n\t\t\t\t\t<div class=\"ultimate__accordion__list\">\r\n\r\n\t\t\t\t<div id=\"elementor-tab-title-4691\" class=\"elementor-tab-title ultimate__accordion__header active-default\" tabindex=\"4691\" data-tab=\"1\" aria-controls=\"elementor-tab-content-4691\">\r\n\t\t\t\t\t<span class=\"ultimate__accordion__title__icon\">\r\n                                                    <i class=\"ultimate__accordion__icon eicon eicon-plus\"><\/i>                                                Mi k\u00fcl\u00f6nb\u00f6zteti meg c\u00e9g\u00fcnket a versenyt\u00e1rsakt\u00f3l?                    <\/span>\r\n\t\t\t\t                    <i class=\"toggle__icon fas fa-angle-right\"><\/i>\t\t\t\t\t\t\t<\/div>\r\n\r\n\t\t\t<div id=\"elementor-tab-content-4691\" class=\"ultimate__accordion__content clearfix active-default\" data-tab=\"1\" aria-labelledby=\"elementor-tab-title-4691\">\r\n\t\t\t\t\t\t\t<p><p>Az emberek akik vel\u00fcnk dolgoznak! Mert egy c\u00e9get az \u00e9rte \u00e9s benne dolgoz\u00f3 csapat hat\u00e1roz meg.<\/p><\/p>\r\n\t\t\t    \t\t\t<\/div>\r\n\t\t<\/div>\r\n\t\t\t<\/div>\r\n\t\t\t\t\t<\/div>\n\t\t\t\t<\/div>\n\t\t\t\t<section class=\"elementor-section elementor-inner-section elementor-element elementor-element-e58a6eb elementor-section-content-middle elementor-reverse-tablet elementor-reverse-mobile elementor-section-boxed elementor-section-height-default elementor-section-height-default\" data-id=\"e58a6eb\" data-element_type=\"section\">\n\t\t\t\t\t\t<div class=\"elementor-container elementor-column-gap-default\">\n\t\t\t\t\t<div class=\"elementor-column elementor-col-50 elementor-inner-column elementor-element elementor-element-21d0d10\" data-id=\"21d0d10\" data-element_type=\"column\">\n\t\t\t<div class=\"elementor-widget-wrap elementor-element-populated\">\n\t\t\t\t\t\t<div class=\"elementor-element elementor-element-4cbdc11 elementor-widget elementor-widget-Ultimate_Adv_Accordion\" data-id=\"4cbdc11\" data-element_type=\"widget\" data-settings=\"{&quot;ultimate_floating_fx_translate_y&quot;:{&quot;unit&quot;:&quot;px&quot;,&quot;size&quot;:&quot;&quot;,&quot;sizes&quot;:[]}}\" data-widget_type=\"Ultimate_Adv_Accordion.default\">\n\t\t\t\t<div class=\"elementor-widget-container\">\n\t\t\t\t\t\t<div\r\n\t\tclass=\"ultimate__adv__accordion\" id=\"ultimate__adv__accordion-4cbdc11\"\t\tdata-accordion-id=\"4cbdc11\"\t\tdata-accordion-type=\"accordion\"\t\tdata-toogle-speed=\"300\"\t>\r\n\t\t\t\t\t<div class=\"ultimate__accordion__list\">\r\n\r\n\t\t\t\t<div id=\"elementor-tab-title-8041\" class=\"elementor-tab-title ultimate__accordion__header active-default\" tabindex=\"8041\" data-tab=\"1\" aria-controls=\"elementor-tab-content-8041\">\r\n\t\t\t\t\t<span class=\"ultimate__accordion__title__icon\">\r\n                                                    <i class=\"ultimate__accordion__icon eicon eicon-plus\"><\/i>                                                Az informatik\u00e1m kaotikusnak t\u0171nik \u00e9s \u00e1lland\u00f3an cs\u00fasznak a projektek. Tudna seg\u00edteni?                    <\/span>\r\n\t\t\t\t                    <i class=\"toggle__icon fas fa-angle-right\"><\/i>\t\t\t\t\t\t\t<\/div>\r\n\r\n\t\t\t<div id=\"elementor-tab-content-8041\" class=\"ultimate__accordion__content clearfix active-default\" data-tab=\"1\" aria-labelledby=\"elementor-tab-title-8041\">\r\n\t\t\t\t\t\t\t<p><p>Term\u00e9szetesen! K\u00f6z\u00f6sen megvizsg\u00e1ljuk a probl\u00e9ma term\u00e9szet\u00e9t, kital\u00e1ljuk a megold\u00e1st \u00e9s visszaadjuk \u00d6nnek az ir\u00e1ny\u00edt\u00e1st.<\/p><\/p>\r\n\t\t\t    \t\t\t<\/div>\r\n\t\t<\/div>\r\n\t\t\t\t\t<div class=\"ultimate__accordion__list\">\r\n\r\n\t\t\t\t<div id=\"elementor-tab-title-8042\" class=\"elementor-tab-title ultimate__accordion__header\" tabindex=\"8042\" data-tab=\"2\" aria-controls=\"elementor-tab-content-8042\">\r\n\t\t\t\t\t<span class=\"ultimate__accordion__title__icon\">\r\n                                                    <i class=\"ultimate__accordion__icon eicon eicon-plus\"><\/i>                                                IT-menedzsment milyen aspektus\u00e1t\u00faban tudnak seg\u00edteni, a hardvert\u0151l a szoftverig?                    <\/span>\r\n\t\t\t\t                    <i class=\"toggle__icon fas fa-angle-right\"><\/i>\t\t\t\t\t\t\t<\/div>\r\n\r\n\t\t\t<div id=\"elementor-tab-content-8042\" class=\"ultimate__accordion__content clearfix\" data-tab=\"2\" aria-labelledby=\"elementor-tab-title-8042\">\r\n\t\t\t\t\t\t\t<p><p>Mi vagyunk az IT sv\u00e1jci bicsk\u00e1ja! A szerverekt\u0151l az IT biztons\u00e1gig, a h\u00e1l\u00f3zatokt\u00f3l az alkalmaz\u00e1sokig megtal\u00e1ljuk a legjobb megold\u00e1st. Azonban az IT \u00e9s Projekt menedzsment a kiemelt ter\u00fclet\u00fcnk.<\/p><\/p>\r\n\t\t\t    \t\t\t<\/div>\r\n\t\t<\/div>\r\n\t\t\t\t\t<div class=\"ultimate__accordion__list\">\r\n\r\n\t\t\t\t<div id=\"elementor-tab-title-8043\" class=\"elementor-tab-title ultimate__accordion__header\" tabindex=\"8043\" data-tab=\"3\" aria-controls=\"elementor-tab-content-8043\">\r\n\t\t\t\t\t<span class=\"ultimate__accordion__title__icon\">\r\n                                                    <i class=\"ultimate__accordion__icon eicon eicon-plus\"><\/i>                                                T\u00fal sok projekt van az asztalon. Tudna seg\u00edteni prioriz\u00e1lni \u00e9s menedzselni \u0151ket?                    <\/span>\r\n\t\t\t\t                    <i class=\"toggle__icon fas fa-angle-right\"><\/i>\t\t\t\t\t\t\t<\/div>\r\n\r\n\t\t\t<div id=\"elementor-tab-content-8043\" class=\"ultimate__accordion__content clearfix\" data-tab=\"3\" aria-labelledby=\"elementor-tab-title-8043\">\r\n\t\t\t\t\t\t\t<p><p>Mi vagyunk a projektportf\u00f3li\u00f3 var\u00e1zsl\u00f3i! Fekete \u00f6vesk\u00e9nt \u00e9rt\u00e9kelj\u00fck, rangsoroljuk \u00e9s menedzselj\u00fck projektjeit, figyelembe v\u00e9ve az \u00fczleti c\u00e9lokat, er\u0151forr\u00e1sokat \u00e9s a technol\u00f3giai aspektusokat is.<\/p><\/p>\r\n\t\t\t    \t\t\t<\/div>\r\n\t\t<\/div>\r\n\t\t\t<\/div>\r\n\t\t\t\t\t<\/div>\n\t\t\t\t<\/div>\n\t\t\t\t\t<\/div>\n\t\t<\/div>\n\t\t\t\t<div class=\"elementor-column elementor-col-50 elementor-inner-column elementor-element elementor-element-6c17aa0\" data-id=\"6c17aa0\" data-element_type=\"column\">\n\t\t\t<div class=\"elementor-widget-wrap elementor-element-populated\">\n\t\t\t\t\t\t<div class=\"elementor-element elementor-element-f2c3c23 elementor-widget elementor-widget-Ultimate_Adv_Accordion\" data-id=\"f2c3c23\" data-element_type=\"widget\" data-settings=\"{&quot;ultimate_floating_fx_translate_y&quot;:{&quot;unit&quot;:&quot;px&quot;,&quot;size&quot;:&quot;&quot;,&quot;sizes&quot;:[]}}\" data-widget_type=\"Ultimate_Adv_Accordion.default\">\n\t\t\t\t<div class=\"elementor-widget-container\">\n\t\t\t\t\t\t<div\r\n\t\tclass=\"ultimate__adv__accordion\" id=\"ultimate__adv__accordion-f2c3c23\"\t\tdata-accordion-id=\"f2c3c23\"\t\tdata-accordion-type=\"accordion\"\t\tdata-toogle-speed=\"300\"\t>\r\n\t\t\t\t\t<div class=\"ultimate__accordion__list\">\r\n\r\n\t\t\t\t<div id=\"elementor-tab-title-2541\" class=\"elementor-tab-title ultimate__accordion__header active-default\" tabindex=\"2541\" data-tab=\"1\" aria-controls=\"elementor-tab-content-2541\">\r\n\t\t\t\t\t<span class=\"ultimate__accordion__title__icon\">\r\n                                                    <i class=\"ultimate__accordion__icon eicon eicon-plus\"><\/i>                                                Milyen m\u00f3dszertant javasolnak a projektmenedzsmenthez?                    <\/span>\r\n\t\t\t\t                    <i class=\"toggle__icon fas fa-angle-right\"><\/i>\t\t\t\t\t\t\t<\/div>\r\n\r\n\t\t\t<div id=\"elementor-tab-content-2541\" class=\"ultimate__accordion__content clearfix active-default\" data-tab=\"1\" aria-labelledby=\"elementor-tab-title-2541\">\r\n\t\t\t\t\t\t\t<p><p>Ami c\u00e9lravezet\u0151! Alkalmazkodunk az \u00d6n \u00e9s a feladat ig\u00e9nyeihez, legyen sz\u00f3 agilis, v\u00edzes\u00e9ses vagy hibrid megk\u00f6zel\u00edt\u00e9sr\u0151l. Mindent megtesz\u00fcnk az\u00e9rt, hogy megtal\u00e1ljuk a projektj\u00e9hez t\u00f6k\u00e9letesen illeszked\u0151 megold\u00e1st.<\/p><\/p>\r\n\t\t\t    \t\t\t<\/div>\r\n\t\t<\/div>\r\n\t\t\t\t\t<div class=\"ultimate__accordion__list\">\r\n\r\n\t\t\t\t<div id=\"elementor-tab-title-2542\" class=\"elementor-tab-title ultimate__accordion__header\" tabindex=\"2542\" data-tab=\"2\" aria-controls=\"elementor-tab-content-2542\">\r\n\t\t\t\t\t<span class=\"ultimate__accordion__title__icon\">\r\n                                                    <i class=\"ultimate__accordion__icon eicon eicon-plus\"><\/i>                                                 Speci\u00e1lis informatikai ismeretekre van sz\u00fcks\u00e9gem, de nem szeretn\u00e9k teljes munkaid\u0151s munkat\u00e1rsakat felvenni. Tudna seg\u00edteni?                    <\/span>\r\n\t\t\t\t                    <i class=\"toggle__icon fas fa-angle-right\"><\/i>\t\t\t\t\t\t\t<\/div>\r\n\r\n\t\t\t<div id=\"elementor-tab-content-2542\" class=\"ultimate__accordion__content clearfix\" data-tab=\"2\" aria-labelledby=\"elementor-tab-title-2542\">\r\n\t\t\t\t\t\t\t<p><p>Mi vagyunk az \u00d6n IT tehets\u00e9gk\u00f6zvet\u00edt\u0151i! Megtal\u00e1ljuk a t\u00f6k\u00e9letes er\u0151forr\u00e1sokat az a feladathoz \u00e9s alkalmazzuk \u00f6nnek..<\/p><\/p>\r\n\t\t\t    \t\t\t<\/div>\r\n\t\t<\/div>\r\n\t\t\t\t\t<div class=\"ultimate__accordion__list\">\r\n\r\n\t\t\t\t<div id=\"elementor-tab-title-2543\" class=\"elementor-tab-title ultimate__accordion__header\" tabindex=\"2543\" data-tab=\"3\" aria-controls=\"elementor-tab-content-2543\">\r\n\t\t\t\t\t<span class=\"ultimate__accordion__title__icon\">\r\n                                                    <i class=\"ultimate__accordion__icon eicon eicon-plus\"><\/i>                                                Milyen er\u0151forr\u00e1st tudok k\u00f6lcs\u00f6n\u00f6zni?                    <\/span>\r\n\t\t\t\t                    <i class=\"toggle__icon fas fa-angle-right\"><\/i>\t\t\t\t\t\t\t<\/div>\r\n\r\n\t\t\t<div id=\"elementor-tab-content-2543\" class=\"ultimate__accordion__content clearfix\" data-tab=\"3\" aria-labelledby=\"elementor-tab-title-2543\">\r\n\t\t\t\t\t\t\t<p><p>A szerverekt\u0151l az IT biztons\u00e1gig, a h\u00e1l\u00f3zatokt\u00f3l az alkalmaz\u00e1sokig megtal\u00e1ljuk a legjobb megold\u00e1st. Azonban az IT \u00e9s Projekt menedzsment a kiemelt ter\u00fclet\u00fcnk.<\/p><\/p>\r\n\t\t\t    \t\t\t<\/div>\r\n\t\t<\/div>\r\n\t\t\t<\/div>\r\n\t\t\t\t\t<\/div>\n\t\t\t\t<\/div>\n\t\t\t\t\t<\/div>\n\t\t<\/div>\n\t\t\t\t\t<\/div>\n\t\t<\/section>\n\t\t\t\t\t<\/div>\n\t\t<\/div>\n\t\t\t\t\t<\/div>\n\t\t<\/section>\n\t\t\t\t<\/div>","protected":false},"excerpt":{"rendered":"<p>Faqs Frequently Asked Questions What makes our company different from other IT service providers? The people who work with us! [&hellip;]<\/p>","protected":false},"author":1,"featured_media":0,"parent":0,"menu_order":0,"comment_status":"closed","ping_status":"closed","template":"template\/composer.php","meta":{"_monsterinsights_skip_tracking":false,"_monsterinsights_sitenote_active":false,"_monsterinsights_sitenote_note":"","_monsterinsights_sitenote_category":0,"footnotes":""},"class_list":["post-1488","page","type-page","status-publish","hentry","no-post-thumbnail"],"yoast_head":"<!-- This site is optimized with the Yoast SEO plugin v25.5 - https:\/\/yoast.com\/wordpress\/plugins\/seo\/ -->\n<title>Faqs - Online Factory - Producing Quality Service &amp; Solutions<\/title>\n<meta name=\"robots\" content=\"index, follow, max-snippet:-1, max-image-preview:large, max-video-preview:-1\" \/>\n<link rel=\"canonical\" href=\"https:\/\/onlinefactory.org\/hu\/faqs\/\" \/>\n<meta property=\"og:locale\" content=\"hu_HU\" \/>\n<meta property=\"og:type\" content=\"article\" \/>\n<meta property=\"og:title\" content=\"Faqs - Online Factory - Producing Quality Service &amp; Solutions\" \/>\n<meta property=\"og:description\" content=\"Faqs Frequently Asked Questions What makes our company different from other IT service providers? The people who work with us! [&hellip;]\" \/>\n<meta property=\"og:url\" content=\"https:\/\/onlinefactory.org\/hu\/faqs\/\" \/>\n<meta property=\"og:site_name\" content=\"Online Factory - Producing Quality Service &amp; Solutions\" \/>\n<meta property=\"article:publisher\" content=\"https:\/\/www.facebook.com\/profile.php?id=61556089994054\" \/>\n<meta property=\"article:modified_time\" content=\"2024-02-13T22:30:34+00:00\" \/>\n<meta name=\"twitter:card\" content=\"summary_large_image\" \/>\n<meta name=\"twitter:label1\" content=\"Becs\u00fclt olvas\u00e1si id\u0151\" \/>\n\t<meta name=\"twitter:data1\" content=\"2 perc\" \/>\n<script type=\"application\/ld+json\" class=\"yoast-schema-graph\">{\"@context\":\"https:\/\/schema.org\",\"@graph\":[{\"@type\":\"WebPage\",\"@id\":\"https:\/\/onlinefactory.org\/faqs\/\",\"url\":\"https:\/\/onlinefactory.org\/faqs\/\",\"name\":\"Faqs - Online Factory - Producing Quality Service &amp; Solutions\",\"isPartOf\":{\"@id\":\"https:\/\/onlinefactory.org\/#website\"},\"datePublished\":\"2021-06-21T08:50:20+00:00\",\"dateModified\":\"2024-02-13T22:30:34+00:00\",\"breadcrumb\":{\"@id\":\"https:\/\/onlinefactory.org\/faqs\/#breadcrumb\"},\"inLanguage\":\"hu\",\"potentialAction\":[{\"@type\":\"ReadAction\",\"target\":[\"https:\/\/onlinefactory.org\/faqs\/\"]}]},{\"@type\":\"BreadcrumbList\",\"@id\":\"https:\/\/onlinefactory.org\/faqs\/#breadcrumb\",\"itemListElement\":[{\"@type\":\"ListItem\",\"position\":1,\"name\":\"Home\",\"item\":\"https:\/\/onlinefactory.org\/\"},{\"@type\":\"ListItem\",\"position\":2,\"name\":\"Faqs\"}]},{\"@type\":\"WebSite\",\"@id\":\"https:\/\/onlinefactory.org\/#website\",\"url\":\"https:\/\/onlinefactory.org\/\",\"name\":\"Online Factory - Producing Quality Service & Solutions\",\"description\":\"We speak fluent tech, from vintage to cutting-edge. Let&#039;s translate your vision into reality.\",\"publisher\":{\"@id\":\"https:\/\/onlinefactory.org\/#organization\"},\"potentialAction\":[{\"@type\":\"SearchAction\",\"target\":{\"@type\":\"EntryPoint\",\"urlTemplate\":\"https:\/\/onlinefactory.org\/?s={search_term_string}\"},\"query-input\":{\"@type\":\"PropertyValueSpecification\",\"valueRequired\":true,\"valueName\":\"search_term_string\"}}],\"inLanguage\":\"hu\"},{\"@type\":\"Organization\",\"@id\":\"https:\/\/onlinefactory.org\/#organization\",\"name\":\"Online Factory Kft.\",\"url\":\"https:\/\/onlinefactory.org\/\",\"logo\":{\"@type\":\"ImageObject\",\"inLanguage\":\"hu\",\"@id\":\"https:\/\/onlinefactory.org\/#\/schema\/logo\/image\/\",\"url\":\"https:\/\/onlinefactory.org\/wp-content\/uploads\/2024\/02\/OLFBlack.png\",\"contentUrl\":\"https:\/\/onlinefactory.org\/wp-content\/uploads\/2024\/02\/OLFBlack.png\",\"width\":180,\"height\":65,\"caption\":\"Online Factory Kft.\"},\"image\":{\"@id\":\"https:\/\/onlinefactory.org\/#\/schema\/logo\/image\/\"},\"sameAs\":[\"https:\/\/www.facebook.com\/profile.php?id=61556089994054\",\"https:\/\/www.instagram.com\/onlinefactoryorg\/\"]}]}<\/script>\n<!-- \/ Yoast SEO plugin. -->","yoast_head_json":{"title":"Online Factory - GyIK","robots":{"index":"index","follow":"follow","max-snippet":"max-snippet:-1","max-image-preview":"max-image-preview:large","max-video-preview":"max-video-preview:-1"},"canonical":"https:\/\/onlinefactory.org\/hu\/faqs\/","og_locale":"hu_HU","og_type":"article","og_title":"Faqs - Online Factory - Producing Quality Service &amp; Solutions","og_description":"Faqs Frequently Asked Questions What makes our company different from other IT service providers? The people who work with us! [&hellip;]","og_url":"https:\/\/onlinefactory.org\/hu\/faqs\/","og_site_name":"Online Factory - Producing Quality Service &amp; Solutions","article_publisher":"https:\/\/www.facebook.com\/profile.php?id=61556089994054","article_modified_time":"2024-02-13T22:30:34+00:00","twitter_card":"summary_large_image","twitter_misc":{"Becs\u00fclt olvas\u00e1si id\u0151":"2 perc"},"schema":{"@context":"https:\/\/schema.org","@graph":[{"@type":"WebPage","@id":"https:\/\/onlinefactory.org\/faqs\/","url":"https:\/\/onlinefactory.org\/faqs\/","name":"Online Factory - GyIK","isPartOf":{"@id":"https:\/\/onlinefactory.org\/#website"},"datePublished":"2021-06-21T08:50:20+00:00","dateModified":"2024-02-13T22:30:34+00:00","breadcrumb":{"@id":"https:\/\/onlinefactory.org\/faqs\/#breadcrumb"},"inLanguage":"hu","potentialAction":[{"@type":"ReadAction","target":["https:\/\/onlinefactory.org\/faqs\/"]}]},{"@type":"BreadcrumbList","@id":"https:\/\/onlinefactory.org\/faqs\/#breadcrumb","itemListElement":[{"@type":"ListItem","position":1,"name":"Home","item":"https:\/\/onlinefactory.org\/"},{"@type":"ListItem","position":2,"name":"Faqs"}]},{"@type":"WebSite","@id":"https:\/\/onlinefactory.org\/#website","url":"https:\/\/onlinefactory.org\/","name":"Online Factory - Producing Quality Service & Solutions","description":"We speak fluent tech, from vintage to cutting-edge. Let&#039;s translate your vision into reality.","publisher":{"@id":"https:\/\/onlinefactory.org\/#organization"},"potentialAction":[{"@type":"SearchAction","target":{"@type":"EntryPoint","urlTemplate":"https:\/\/onlinefactory.org\/?s={search_term_string}"},"query-input":{"@type":"PropertyValueSpecification","valueRequired":true,"valueName":"search_term_string"}}],"inLanguage":"hu"},{"@type":"Organization","@id":"https:\/\/onlinefactory.org\/#organization","name":"Online Factory Kft.","url":"https:\/\/onlinefactory.org\/","logo":{"@type":"ImageObject","inLanguage":"hu","@id":"https:\/\/onlinefactory.org\/#\/schema\/logo\/image\/","url":"https:\/\/onlinefactory.org\/wp-content\/uploads\/2024\/02\/OLFBlack.png","contentUrl":"https:\/\/onlinefactory.org\/wp-content\/uploads\/2024\/02\/OLFBlack.png","width":180,"height":65,"caption":"Online Factory Kft."},"image":{"@id":"https:\/\/onlinefactory.org\/#\/schema\/logo\/image\/"},"sameAs":["https:\/\/www.facebook.com\/profile.php?id=61556089994054","https:\/\/www.instagram.com\/onlinefactoryorg\/"]}]}},"_links":{"self":[{"href":"https:\/\/onlinefactory.org\/hu\/wp-json\/wp\/v2\/pages\/1488","targetHints":{"allow":["GET"]}}],"collection":[{"href":"https:\/\/onlinefactory.org\/hu\/wp-json\/wp\/v2\/pages"}],"about":[{"href":"https:\/\/onlinefactory.org\/hu\/wp-json\/wp\/v2\/types\/page"}],"author":[{"embeddable":true,"href":"https:\/\/onlinefactory.org\/hu\/wp-json\/wp\/v2\/users\/1"}],"replies":[{"embeddable":true,"href":"https:\/\/onlinefactory.org\/hu\/wp-json\/wp\/v2\/comments?post=1488"}],"version-history":[{"count":0,"href":"https:\/\/onlinefactory.org\/hu\/wp-json\/wp\/v2\/pages\/1488\/revisions"}],"wp:attachment":[{"href":"https:\/\/onlinefactory.org\/hu\/wp-json\/wp\/v2\/media?parent=1488"}],"curies":[{"name":"wp","href":"https:\/\/api.w.org\/{rel}","templated":true}]}}