{"id":1538,"date":"2021-06-26T18:23:11","date_gmt":"2021-06-26T18:23:11","guid":{"rendered":"https:\/\/onlinefactory.org\/?page_id=1538"},"modified":"2022-10-06T19:50:07","modified_gmt":"2022-10-06T19:50:07","slug":"coming-soon","status":"publish","type":"page","link":"https:\/\/onlinefactory.org\/hu\/coming-soon\/","title":{"rendered":"Coming Soon"},"content":{"rendered":"<div data-elementor-type=\"wp-page\" data-elementor-id=\"1538\" class=\"elementor elementor-1538\">\n\t\t\t\t\t\t<section class=\"elementor-section elementor-top-section elementor-element elementor-element-5b7f0b9 elementor-section-boxed elementor-section-height-default elementor-section-height-default\" data-id=\"5b7f0b9\" data-element_type=\"section\" data-settings=\"{&quot;background_background&quot;:&quot;classic&quot;}\">\n\t\t\t\t\t\t<div class=\"elementor-container elementor-column-gap-default\">\n\t\t\t\t\t<div class=\"elementor-column elementor-col-100 elementor-top-column elementor-element elementor-element-94fe616\" data-id=\"94fe616\" data-element_type=\"column\">\n\t\t\t<div class=\"elementor-widget-wrap elementor-element-populated\">\n\t\t\t\t\t\t<section class=\"elementor-section elementor-inner-section elementor-element elementor-element-dbb9391 elementor-section-boxed elementor-section-height-default elementor-section-height-default\" data-id=\"dbb9391\" data-element_type=\"section\">\n\t\t\t\t\t\t<div class=\"elementor-container elementor-column-gap-default\">\n\t\t\t\t\t<div class=\"elementor-column elementor-col-33 elementor-inner-column elementor-element elementor-element-28257c7\" data-id=\"28257c7\" data-element_type=\"column\">\n\t\t\t<div class=\"elementor-widget-wrap\">\n\t\t\t\t\t\t\t<\/div>\n\t\t<\/div>\n\t\t\t\t<div class=\"elementor-column elementor-col-33 elementor-inner-column elementor-element elementor-element-3b46619\" data-id=\"3b46619\" data-element_type=\"column\">\n\t\t\t<div class=\"elementor-widget-wrap elementor-element-populated\">\n\t\t\t\t\t\t<div class=\"elementor-element elementor-element-9396270 elementor-invisible elementor-widget elementor-widget-UltimateAreaTitle\" data-id=\"9396270\" data-element_type=\"widget\" data-settings=\"{&quot;_animation&quot;:&quot;fadeIn&quot;,&quot;ultimate_floating_fx_translate_y&quot;:{&quot;unit&quot;:&quot;px&quot;,&quot;size&quot;:&quot;&quot;,&quot;sizes&quot;:[]}}\" data-widget_type=\"UltimateAreaTitle.default\">\n\t\t\t\t<div class=\"elementor-widget-container\">\n\t\t\t\t\t<div class=\"area__content\">\t\t\t\r\n\t\t\t\t\r\n\t\t\t\t<div class=\"area__subtitle\">coming soon<\/div><div class=\"area__title\"><p>Get ready to meet with us, we are coming soon\u00a0<\/p>\n<\/div>\r\n\t\t\t\t<div class=\"area__description\"><p>It is a long established fact that a reader will be distracted by the readable content of a page when looking at its layout. It is a long established fact that a reader.<\/p>\n<\/div>\r\n\t\t\t\t<\/div>\t\t\t\t<\/div>\n\t\t\t\t<\/div>\n\t\t\t\t\t<\/div>\n\t\t<\/div>\n\t\t\t\t<div class=\"elementor-column elementor-col-33 elementor-inner-column elementor-element elementor-element-13210f7\" data-id=\"13210f7\" data-element_type=\"column\">\n\t\t\t<div class=\"elementor-widget-wrap\">\n\t\t\t\t\t\t\t<\/div>\n\t\t<\/div>\n\t\t\t\t\t<\/div>\n\t\t<\/section>\n\t\t\t\t<section class=\"elementor-section elementor-inner-section elementor-element elementor-element-18a851a elementor-section-boxed elementor-section-height-default elementor-section-height-default\" data-id=\"18a851a\" data-element_type=\"section\">\n\t\t\t\t\t\t<div class=\"elementor-container elementor-column-gap-default\">\n\t\t\t\t\t<div class=\"elementor-column elementor-col-100 elementor-inner-column elementor-element elementor-element-81e22c1\" data-id=\"81e22c1\" data-element_type=\"column\">\n\t\t\t<div class=\"elementor-widget-wrap elementor-element-populated\">\n\t\t\t\t\t\t<div class=\"elementor-element elementor-element-54de65b elementor-widget elementor-widget-Ultimate_Countdown_Circle_Widget\" data-id=\"54de65b\" data-element_type=\"widget\" data-settings=\"{&quot;ultimate_floating_fx_translate_y&quot;:{&quot;unit&quot;:&quot;px&quot;,&quot;size&quot;:&quot;&quot;,&quot;sizes&quot;:[]}}\" data-widget_type=\"Ultimate_Countdown_Circle_Widget.default\">\n\t\t\t\t<div class=\"elementor-widget-container\">\n\t\t\t\t\t\r\n\t\t<div class=\"ultimate__circle__countdown\" data-settings=\"{&quot;random_id&quot;:5782,&quot;animation&quot;:&quot;smooth&quot;,&quot;start_angle&quot;:0,&quot;circle_bg_color&quot;:&quot;#FFFFFF&quot;,&quot;counter_width&quot;:0.05000000000000000277555756156289135105907917022705078125,&quot;bg_width&quot;:1,&quot;days_circle_color&quot;:&quot;#ef296c&quot;,&quot;hours_circle_color&quot;:&quot;#18bfc3&quot;,&quot;minutes_circle_color&quot;:&quot;#ffd200&quot;,&quot;seconds_circle_color&quot;:&quot;#182eff&quot;}\">\r\n\t\t\t<div id=\"ultimate__circle__countdown__5782\"  data-date=\"2023-12-31 12:00:00\"><\/div>\r\n\t\t<\/div>\r\n\t\t\t\t\t<\/div>\n\t\t\t\t<\/div>\n\t\t\t\t\t<\/div>\n\t\t<\/div>\n\t\t\t\t\t<\/div>\n\t\t<\/section>\n\t\t\t\t\t<\/div>\n\t\t<\/div>\n\t\t\t\t\t<\/div>\n\t\t<\/section>\n\t\t\t\t<section class=\"elementor-section elementor-top-section elementor-element elementor-element-74b8654 elementor-section-boxed elementor-section-height-default elementor-section-height-default\" data-id=\"74b8654\" data-element_type=\"section\" data-settings=\"{&quot;background_background&quot;:&quot;classic&quot;}\">\n\t\t\t\t\t\t<div class=\"elementor-container elementor-column-gap-default\">\n\t\t\t\t\t<div class=\"elementor-column elementor-col-100 elementor-top-column elementor-element elementor-element-2964a2b\" data-id=\"2964a2b\" data-element_type=\"column\">\n\t\t\t<div class=\"elementor-widget-wrap elementor-element-populated\">\n\t\t\t\t\t\t<section class=\"elementor-section elementor-inner-section elementor-element elementor-element-99cd938 elementor-section-boxed elementor-section-height-default elementor-section-height-default\" data-id=\"99cd938\" data-element_type=\"section\">\n\t\t\t\t\t\t<div class=\"elementor-container elementor-column-gap-default\">\n\t\t\t\t\t<div class=\"elementor-column elementor-col-33 elementor-inner-column elementor-element elementor-element-4732b1e\" data-id=\"4732b1e\" data-element_type=\"column\">\n\t\t\t<div class=\"elementor-widget-wrap\">\n\t\t\t\t\t\t\t<\/div>\n\t\t<\/div>\n\t\t\t\t<div class=\"elementor-column elementor-col-33 elementor-inner-column elementor-element elementor-element-7717fb5\" data-id=\"7717fb5\" data-element_type=\"column\">\n\t\t\t<div class=\"elementor-widget-wrap elementor-element-populated\">\n\t\t\t\t\t\t<div class=\"elementor-element elementor-element-d165afc elementor-invisible elementor-widget elementor-widget-UltimateAreaTitle\" data-id=\"d165afc\" data-element_type=\"widget\" data-settings=\"{&quot;_animation&quot;:&quot;fadeIn&quot;,&quot;ultimate_floating_fx_translate_y&quot;:{&quot;unit&quot;:&quot;px&quot;,&quot;size&quot;:&quot;&quot;,&quot;sizes&quot;:[]}}\" data-widget_type=\"UltimateAreaTitle.default\">\n\t\t\t\t<div class=\"elementor-widget-container\">\n\t\t\t\t\t<div class=\"area__content\">\t\t\t\r\n\t\t\t\t\r\n\t\t\t\t<div class=\"area__subtitle\">Kapcsolat<\/div><div class=\"area__title\"><p>Do you have any query? lets contact us<\/p>\n<\/div>\r\n\t\t\t\t<div class=\"area__description\"><p>It is a long established fact that a reader will be distracted by the readable content of a page when looking at its layout. It is a long established fact that a reader.<\/p>\n<\/div>\r\n\t\t\t\t<\/div>\t\t\t\t<\/div>\n\t\t\t\t<\/div>\n\t\t\t\t\t<\/div>\n\t\t<\/div>\n\t\t\t\t<div class=\"elementor-column elementor-col-33 elementor-inner-column elementor-element elementor-element-80cb9e4\" data-id=\"80cb9e4\" data-element_type=\"column\">\n\t\t\t<div class=\"elementor-widget-wrap\">\n\t\t\t\t\t\t\t<\/div>\n\t\t<\/div>\n\t\t\t\t\t<\/div>\n\t\t<\/section>\n\t\t\t\t<section class=\"elementor-section elementor-inner-section elementor-element elementor-element-40b4502 elementor-section-boxed elementor-section-height-default elementor-section-height-default\" data-id=\"40b4502\" data-element_type=\"section\">\n\t\t\t\t\t\t<div class=\"elementor-container elementor-column-gap-default\">\n\t\t\t\t\t<div class=\"elementor-column elementor-col-50 elementor-inner-column elementor-element elementor-element-b07024e\" data-id=\"b07024e\" data-element_type=\"column\">\n\t\t\t<div class=\"elementor-widget-wrap elementor-element-populated\">\n\t\t\t\t\t\t<div class=\"elementor-element elementor-element-83c968e elementor-invisible elementor-widget elementor-widget-Ultimate_Lottie_Animation\" data-id=\"83c968e\" data-element_type=\"widget\" data-settings=\"{&quot;_animation&quot;:&quot;fadeInLeft&quot;,&quot;ultimate_floating_fx_translate_y&quot;:{&quot;unit&quot;:&quot;px&quot;,&quot;size&quot;:&quot;&quot;,&quot;sizes&quot;:[]}}\" data-widget_type=\"Ultimate_Lottie_Animation.default\">\n\t\t\t\t<div class=\"elementor-widget-container\">\n\t\t\t\t\t    \t\t<lottie-player src=\"https:\/\/onlinefactory.org\/wp-content\/uploads\/2021\/06\/38616-new-message-received.json\" speed=\"0.5\" loop=\"\" autoplay=\"\"><\/lottie-player>\r\n    \t\t\t\t\t<\/div>\n\t\t\t\t<\/div>\n\t\t\t\t\t<\/div>\n\t\t<\/div>\n\t\t\t\t<div class=\"elementor-column elementor-col-50 elementor-inner-column elementor-element elementor-element-6e1de8b\" data-id=\"6e1de8b\" data-element_type=\"column\">\n\t\t\t<div class=\"elementor-widget-wrap elementor-element-populated\">\n\t\t\t\t\t\t<div class=\"elementor-element elementor-element-305bf9b elementor-invisible elementor-widget elementor-widget-UltimateAreaTitle\" data-id=\"305bf9b\" data-element_type=\"widget\" data-settings=\"{&quot;_animation&quot;:&quot;fadeInUp&quot;,&quot;_animation_delay&quot;:300,&quot;ultimate_floating_fx_translate_y&quot;:{&quot;unit&quot;:&quot;px&quot;,&quot;size&quot;:&quot;&quot;,&quot;sizes&quot;:[]}}\" data-widget_type=\"UltimateAreaTitle.default\">\n\t\t\t\t<div class=\"elementor-widget-container\">\n\t\t\t\t\t<div class=\"area__content\">\t\t\t\r\n\t\t\t\t\r\n\t\t\t\t<div class=\"area__title\"><p>Get in Touch<\/p>\n<\/div>\r\n\t\t\t\t<div class=\"area__description\"><p>Give us a call or drop by anytime, we endeavour to answer all enquiries within 24 hours.<\/p>\n<\/div>\r\n\t\t\t\t<\/div>\t\t\t\t<\/div>\n\t\t\t\t<\/div>\n\t\t\t\t<div class=\"elementor-element elementor-element-12dbf89 elementor-invisible elementor-widget elementor-widget-Ultimate_Contact_Form_Seven_Widget\" data-id=\"12dbf89\" data-element_type=\"widget\" data-settings=\"{&quot;_animation&quot;:&quot;fadeInUp&quot;,&quot;_animation_delay&quot;:400,&quot;ultimate_floating_fx_translate_y&quot;:{&quot;unit&quot;:&quot;px&quot;,&quot;size&quot;:&quot;&quot;,&quot;sizes&quot;:[]}}\" data-widget_type=\"Ultimate_Contact_Form_Seven_Widget.default\">\n\t\t\t\t<div class=\"elementor-widget-container\">\n\t\t\t\t\t            <div class=\"ultimate__form__wrapper contact__form__style__1\" >\r\n                [contact-form-7  id=\"507\"]            <\/div>\r\n        \t\t\t\t<\/div>\n\t\t\t\t<\/div>\n\t\t\t\t\t<\/div>\n\t\t<\/div>\n\t\t\t\t\t<\/div>\n\t\t<\/section>\n\t\t\t\t\t<\/div>\n\t\t<\/div>\n\t\t\t\t\t<\/div>\n\t\t<\/section>\n\t\t\t\t<section class=\"elementor-section elementor-top-section elementor-element elementor-element-8215b3a elementor-section-boxed elementor-section-height-default elementor-section-height-default\" data-id=\"8215b3a\" data-element_type=\"section\" data-settings=\"{&quot;background_background&quot;:&quot;gradient&quot;}\">\n\t\t\t\t\t\t<div class=\"elementor-container elementor-column-gap-default\">\n\t\t\t\t\t<div class=\"elementor-column elementor-col-100 elementor-top-column elementor-element elementor-element-aa8927f\" data-id=\"aa8927f\" data-element_type=\"column\">\n\t\t\t<div class=\"elementor-widget-wrap elementor-element-populated\">\n\t\t\t\t\t\t<section class=\"elementor-section elementor-inner-section elementor-element elementor-element-2614e80 elementor-section-content-middle elementor-section-boxed elementor-section-height-default elementor-section-height-default\" data-id=\"2614e80\" data-element_type=\"section\" data-settings=\"{&quot;background_background&quot;:&quot;classic&quot;}\">\n\t\t\t\t\t\t\t<div class=\"elementor-background-overlay\"><\/div>\n\t\t\t\t\t\t\t<div class=\"elementor-container elementor-column-gap-default\">\n\t\t\t\t\t<div class=\"elementor-column elementor-col-25 elementor-inner-column elementor-element elementor-element-82ae65a\" data-id=\"82ae65a\" data-element_type=\"column\">\n\t\t\t<div class=\"elementor-widget-wrap elementor-element-populated\">\n\t\t\t\t\t\t<div class=\"elementor-element elementor-element-3b674f3 elementor-invisible elementor-widget elementor-widget-Ultimate_Info_Box_Widget\" data-id=\"3b674f3\" data-element_type=\"widget\" data-settings=\"{&quot;_animation&quot;:&quot;fadeInUp&quot;,&quot;_animation_delay&quot;:400,&quot;ultimate_floating_fx_translate_y&quot;:{&quot;unit&quot;:&quot;px&quot;,&quot;size&quot;:&quot;&quot;,&quot;sizes&quot;:[]}}\" data-widget_type=\"Ultimate_Info_Box_Widget.default\">\n\t\t\t\t<div class=\"elementor-widget-container\">\n\t\t\t\t\t            <div class=\"ultimate__info__box__wrap ultimate__infobox__style__3\" >\r\n\r\n                                                    <div class = \"info__box__list\">\r\n                                                                                <div class=\"single__info__box elementor-repeater-item-282f097\">\r\n\r\n                                                                    <div class=\"info__box__icon\">\r\n                                        <i class=\"fa fa-phone\"><\/i>                                    <\/div>\r\n                                                                                                                                            <div class=\"info__title\">Telefon<\/div>\r\n                                                                                                                <div class=\"info__details\"><p>+88 1234567890<\/p>\n<\/div>\r\n                                                                                                <\/div>\r\n                                            <\/div>\r\n                            <\/div>\r\n        \t\t\t\t<\/div>\n\t\t\t\t<\/div>\n\t\t\t\t\t<\/div>\n\t\t<\/div>\n\t\t\t\t<div class=\"elementor-column elementor-col-25 elementor-inner-column elementor-element elementor-element-778ee59\" data-id=\"778ee59\" data-element_type=\"column\">\n\t\t\t<div class=\"elementor-widget-wrap elementor-element-populated\">\n\t\t\t\t\t\t<div class=\"elementor-element elementor-element-b4ede1f elementor-invisible elementor-widget elementor-widget-Ultimate_Info_Box_Widget\" data-id=\"b4ede1f\" data-element_type=\"widget\" data-settings=\"{&quot;_animation&quot;:&quot;fadeInUp&quot;,&quot;_animation_delay&quot;:500,&quot;ultimate_floating_fx_translate_y&quot;:{&quot;unit&quot;:&quot;px&quot;,&quot;size&quot;:&quot;&quot;,&quot;sizes&quot;:[]}}\" data-widget_type=\"Ultimate_Info_Box_Widget.default\">\n\t\t\t\t<div class=\"elementor-widget-container\">\n\t\t\t\t\t            <div class=\"ultimate__info__box__wrap ultimate__infobox__style__3\" >\r\n\r\n                                                    <div class = \"info__box__list\">\r\n                                                                                <div class=\"single__info__box elementor-repeater-item-bb5d642\">\r\n\r\n                                                                    <div class=\"info__box__icon\">\r\n                                        <i class=\"fas fa-envelope\"><\/i>                                    <\/div>\r\n                                                                                                                                            <div class=\"info__title\">EMAIL:<\/div>\r\n                                                                                                                <div class=\"info__details\"><p>mail@example.com<\/p>\n<\/div>\r\n                                                                                                <\/div>\r\n                                            <\/div>\r\n                            <\/div>\r\n        \t\t\t\t<\/div>\n\t\t\t\t<\/div>\n\t\t\t\t\t<\/div>\n\t\t<\/div>\n\t\t\t\t<div class=\"elementor-column elementor-col-25 elementor-inner-column elementor-element elementor-element-4d845b1\" data-id=\"4d845b1\" data-element_type=\"column\">\n\t\t\t<div class=\"elementor-widget-wrap elementor-element-populated\">\n\t\t\t\t\t\t<div class=\"elementor-element elementor-element-cee94c6 elementor-invisible elementor-widget elementor-widget-Ultimate_Info_Box_Widget\" data-id=\"cee94c6\" data-element_type=\"widget\" data-settings=\"{&quot;_animation&quot;:&quot;fadeInUp&quot;,&quot;_animation_delay&quot;:600,&quot;ultimate_floating_fx_translate_y&quot;:{&quot;unit&quot;:&quot;px&quot;,&quot;size&quot;:&quot;&quot;,&quot;sizes&quot;:[]}}\" data-widget_type=\"Ultimate_Info_Box_Widget.default\">\n\t\t\t\t<div class=\"elementor-widget-container\">\n\t\t\t\t\t            <div class=\"ultimate__info__box__wrap ultimate__infobox__style__3\" >\r\n\r\n                                                    <div class = \"info__box__list\">\r\n                                                                                <div class=\"single__info__box elementor-repeater-item-499bffb\">\r\n\r\n                                                                    <div class=\"info__box__icon\">\r\n                                        <i class=\"fas fa-map-marker-alt\"><\/i>                                    <\/div>\r\n                                                                                                                                            <div class=\"info__title\">LOCATION:<\/div>\r\n                                                                                                                <div class=\"info__details\"><p>44 Center USA.<\/p>\n<\/div>\r\n                                                                                                <\/div>\r\n                                            <\/div>\r\n                            <\/div>\r\n        \t\t\t\t<\/div>\n\t\t\t\t<\/div>\n\t\t\t\t\t<\/div>\n\t\t<\/div>\n\t\t\t\t<div class=\"elementor-column elementor-col-25 elementor-inner-column elementor-element elementor-element-a1f8b64\" data-id=\"a1f8b64\" data-element_type=\"column\">\n\t\t\t<div class=\"elementor-widget-wrap elementor-element-populated\">\n\t\t\t\t\t\t<div class=\"elementor-element elementor-element-d385d37 elementor-invisible elementor-widget elementor-widget-Ultimate_Dual_Button\" data-id=\"d385d37\" data-element_type=\"widget\" data-settings=\"{&quot;_animation&quot;:&quot;fadeInUp&quot;,&quot;_animation_delay&quot;:700,&quot;ultimate_floating_fx_translate_y&quot;:{&quot;unit&quot;:&quot;px&quot;,&quot;size&quot;:&quot;&quot;,&quot;sizes&quot;:[]}}\" data-widget_type=\"Ultimate_Dual_Button.default\">\n\t\t\t\t<div class=\"elementor-widget-container\">\n\t\t\t\t\t<div class=\"ultimate__dual__button btn__layout__1\"><a class=\"ultimate__btn btn__texteffect__1 elementor-repeater-item-5ca49a2\" href=\"https:\/\/onlinefactory.org\/hu\/contact-us\/\"><div class=\"button__title\">Kapcsolat<\/div><\/a><\/div>\t\t\t\t<\/div>\n\t\t\t\t<\/div>\n\t\t\t\t\t<\/div>\n\t\t<\/div>\n\t\t\t\t\t<\/div>\n\t\t<\/section>\n\t\t\t\t\t<\/div>\n\t\t<\/div>\n\t\t\t\t\t<\/div>\n\t\t<\/section>\n\t\t\t\t<\/div>","protected":false},"excerpt":{"rendered":"<p>coming soon Get ready to meet with us, we are coming soon\u00a0 It is a long established fact that a [&hellip;]<\/p>","protected":false},"author":1,"featured_media":0,"parent":0,"menu_order":0,"comment_status":"closed","ping_status":"closed","template":"template\/composer.php","meta":{"_monsterinsights_skip_tracking":false,"_monsterinsights_sitenote_active":false,"_monsterinsights_sitenote_note":"","_monsterinsights_sitenote_category":0,"footnotes":""},"class_list":["post-1538","page","type-page","status-publish","hentry","no-post-thumbnail"],"yoast_head":"<!-- This site is optimized with the Yoast SEO plugin v25.5 - https:\/\/yoast.com\/wordpress\/plugins\/seo\/ -->\n<title>Coming Soon - Online Factory - Producing Quality Service &amp; Solutions<\/title>\n<meta name=\"robots\" content=\"index, follow, max-snippet:-1, max-image-preview:large, max-video-preview:-1\" \/>\n<link rel=\"canonical\" href=\"https:\/\/onlinefactory.org\/hu\/coming-soon\/\" \/>\n<meta property=\"og:locale\" content=\"hu_HU\" \/>\n<meta property=\"og:type\" content=\"article\" \/>\n<meta property=\"og:title\" content=\"Coming Soon - Online Factory - Producing Quality Service &amp; Solutions\" \/>\n<meta property=\"og:description\" content=\"coming soon Get ready to meet with us, we are coming soon\u00a0 It is a long established fact that a [&hellip;]\" \/>\n<meta property=\"og:url\" content=\"https:\/\/onlinefactory.org\/hu\/coming-soon\/\" \/>\n<meta property=\"og:site_name\" content=\"Online Factory - Producing Quality Service &amp; Solutions\" \/>\n<meta property=\"article:publisher\" content=\"https:\/\/www.facebook.com\/profile.php?id=61556089994054\" \/>\n<meta property=\"article:modified_time\" content=\"2022-10-06T19:50:07+00:00\" \/>\n<meta name=\"twitter:card\" content=\"summary_large_image\" \/>\n<meta name=\"twitter:label1\" content=\"Becs\u00fclt olvas\u00e1si id\u0151\" \/>\n\t<meta name=\"twitter:data1\" content=\"1 perc\" \/>\n<script type=\"application\/ld+json\" class=\"yoast-schema-graph\">{\"@context\":\"https:\/\/schema.org\",\"@graph\":[{\"@type\":\"WebPage\",\"@id\":\"https:\/\/onlinefactory.org\/coming-soon\/\",\"url\":\"https:\/\/onlinefactory.org\/coming-soon\/\",\"name\":\"Coming Soon - Online Factory - Producing Quality Service &amp; Solutions\",\"isPartOf\":{\"@id\":\"https:\/\/onlinefactory.org\/#website\"},\"datePublished\":\"2021-06-26T18:23:11+00:00\",\"dateModified\":\"2022-10-06T19:50:07+00:00\",\"breadcrumb\":{\"@id\":\"https:\/\/onlinefactory.org\/coming-soon\/#breadcrumb\"},\"inLanguage\":\"hu\",\"potentialAction\":[{\"@type\":\"ReadAction\",\"target\":[\"https:\/\/onlinefactory.org\/coming-soon\/\"]}]},{\"@type\":\"BreadcrumbList\",\"@id\":\"https:\/\/onlinefactory.org\/coming-soon\/#breadcrumb\",\"itemListElement\":[{\"@type\":\"ListItem\",\"position\":1,\"name\":\"Home\",\"item\":\"https:\/\/onlinefactory.org\/\"},{\"@type\":\"ListItem\",\"position\":2,\"name\":\"Coming Soon\"}]},{\"@type\":\"WebSite\",\"@id\":\"https:\/\/onlinefactory.org\/#website\",\"url\":\"https:\/\/onlinefactory.org\/\",\"name\":\"Online Factory - Producing Quality Service & Solutions\",\"description\":\"We speak fluent tech, from vintage to cutting-edge. Let&#039;s translate your vision into reality.\",\"publisher\":{\"@id\":\"https:\/\/onlinefactory.org\/#organization\"},\"potentialAction\":[{\"@type\":\"SearchAction\",\"target\":{\"@type\":\"EntryPoint\",\"urlTemplate\":\"https:\/\/onlinefactory.org\/?s={search_term_string}\"},\"query-input\":{\"@type\":\"PropertyValueSpecification\",\"valueRequired\":true,\"valueName\":\"search_term_string\"}}],\"inLanguage\":\"hu\"},{\"@type\":\"Organization\",\"@id\":\"https:\/\/onlinefactory.org\/#organization\",\"name\":\"Online Factory Kft.\",\"url\":\"https:\/\/onlinefactory.org\/\",\"logo\":{\"@type\":\"ImageObject\",\"inLanguage\":\"hu\",\"@id\":\"https:\/\/onlinefactory.org\/#\/schema\/logo\/image\/\",\"url\":\"https:\/\/onlinefactory.org\/wp-content\/uploads\/2024\/02\/OLFBlack.png\",\"contentUrl\":\"https:\/\/onlinefactory.org\/wp-content\/uploads\/2024\/02\/OLFBlack.png\",\"width\":180,\"height\":65,\"caption\":\"Online Factory Kft.\"},\"image\":{\"@id\":\"https:\/\/onlinefactory.org\/#\/schema\/logo\/image\/\"},\"sameAs\":[\"https:\/\/www.facebook.com\/profile.php?id=61556089994054\",\"https:\/\/www.instagram.com\/onlinefactoryorg\/\"]}]}<\/script>\n<!-- \/ Yoast SEO plugin. -->","yoast_head_json":{"title":"Coming Soon - Online Factory - Producing Quality Service &amp; Solutions","robots":{"index":"index","follow":"follow","max-snippet":"max-snippet:-1","max-image-preview":"max-image-preview:large","max-video-preview":"max-video-preview:-1"},"canonical":"https:\/\/onlinefactory.org\/hu\/coming-soon\/","og_locale":"hu_HU","og_type":"article","og_title":"Coming Soon - Online Factory - Producing Quality Service &amp; Solutions","og_description":"coming soon Get ready to meet with us, we are coming soon\u00a0 It is a long established fact that a [&hellip;]","og_url":"https:\/\/onlinefactory.org\/hu\/coming-soon\/","og_site_name":"Online Factory - Producing Quality Service &amp; Solutions","article_publisher":"https:\/\/www.facebook.com\/profile.php?id=61556089994054","article_modified_time":"2022-10-06T19:50:07+00:00","twitter_card":"summary_large_image","twitter_misc":{"Becs\u00fclt olvas\u00e1si id\u0151":"1 perc"},"schema":{"@context":"https:\/\/schema.org","@graph":[{"@type":"WebPage","@id":"https:\/\/onlinefactory.org\/coming-soon\/","url":"https:\/\/onlinefactory.org\/coming-soon\/","name":"Coming Soon - Online Factory - Producing Quality Service &amp; Solutions","isPartOf":{"@id":"https:\/\/onlinefactory.org\/#website"},"datePublished":"2021-06-26T18:23:11+00:00","dateModified":"2022-10-06T19:50:07+00:00","breadcrumb":{"@id":"https:\/\/onlinefactory.org\/coming-soon\/#breadcrumb"},"inLanguage":"hu","potentialAction":[{"@type":"ReadAction","target":["https:\/\/onlinefactory.org\/coming-soon\/"]}]},{"@type":"BreadcrumbList","@id":"https:\/\/onlinefactory.org\/coming-soon\/#breadcrumb","itemListElement":[{"@type":"ListItem","position":1,"name":"Home","item":"https:\/\/onlinefactory.org\/"},{"@type":"ListItem","position":2,"name":"Coming Soon"}]},{"@type":"WebSite","@id":"https:\/\/onlinefactory.org\/#website","url":"https:\/\/onlinefactory.org\/","name":"Online Factory - Producing Quality Service & Solutions","description":"We speak fluent tech, from vintage to cutting-edge. Let&#039;s translate your vision into reality.","publisher":{"@id":"https:\/\/onlinefactory.org\/#organization"},"potentialAction":[{"@type":"SearchAction","target":{"@type":"EntryPoint","urlTemplate":"https:\/\/onlinefactory.org\/?s={search_term_string}"},"query-input":{"@type":"PropertyValueSpecification","valueRequired":true,"valueName":"search_term_string"}}],"inLanguage":"hu"},{"@type":"Organization","@id":"https:\/\/onlinefactory.org\/#organization","name":"Online Factory Kft.","url":"https:\/\/onlinefactory.org\/","logo":{"@type":"ImageObject","inLanguage":"hu","@id":"https:\/\/onlinefactory.org\/#\/schema\/logo\/image\/","url":"https:\/\/onlinefactory.org\/wp-content\/uploads\/2024\/02\/OLFBlack.png","contentUrl":"https:\/\/onlinefactory.org\/wp-content\/uploads\/2024\/02\/OLFBlack.png","width":180,"height":65,"caption":"Online Factory Kft."},"image":{"@id":"https:\/\/onlinefactory.org\/#\/schema\/logo\/image\/"},"sameAs":["https:\/\/www.facebook.com\/profile.php?id=61556089994054","https:\/\/www.instagram.com\/onlinefactoryorg\/"]}]}},"_links":{"self":[{"href":"https:\/\/onlinefactory.org\/hu\/wp-json\/wp\/v2\/pages\/1538","targetHints":{"allow":["GET"]}}],"collection":[{"href":"https:\/\/onlinefactory.org\/hu\/wp-json\/wp\/v2\/pages"}],"about":[{"href":"https:\/\/onlinefactory.org\/hu\/wp-json\/wp\/v2\/types\/page"}],"author":[{"embeddable":true,"href":"https:\/\/onlinefactory.org\/hu\/wp-json\/wp\/v2\/users\/1"}],"replies":[{"embeddable":true,"href":"https:\/\/onlinefactory.org\/hu\/wp-json\/wp\/v2\/comments?post=1538"}],"version-history":[{"count":0,"href":"https:\/\/onlinefactory.org\/hu\/wp-json\/wp\/v2\/pages\/1538\/revisions"}],"wp:attachment":[{"href":"https:\/\/onlinefactory.org\/hu\/wp-json\/wp\/v2\/media?parent=1538"}],"curies":[{"name":"wp","href":"https:\/\/api.w.org\/{rel}","templated":true}]}}