{"id":4526,"date":"2024-02-14T10:37:21","date_gmt":"2024-02-14T09:37:21","guid":{"rendered":"https:\/\/onlinefactory.org\/?page_id=4526"},"modified":"2024-02-14T10:51:57","modified_gmt":"2024-02-14T09:51:57","slug":"site-map","status":"publish","type":"page","link":"https:\/\/onlinefactory.org\/hu\/site-map\/","title":{"rendered":"Site Map"},"content":{"rendered":"<div data-elementor-type=\"wp-page\" data-elementor-id=\"4526\" class=\"elementor elementor-4526\">\n\t\t\t\t\t\t<section class=\"elementor-section elementor-top-section elementor-element elementor-element-2c0b645 elementor-section-boxed elementor-section-height-default elementor-section-height-default\" data-id=\"2c0b645\" data-element_type=\"section\">\n\t\t\t\t\t\t<div class=\"elementor-container elementor-column-gap-default\">\n\t\t\t\t\t<div class=\"elementor-column elementor-col-100 elementor-top-column elementor-element elementor-element-3392fd4\" data-id=\"3392fd4\" data-element_type=\"column\">\n\t\t\t<div class=\"elementor-widget-wrap elementor-element-populated\">\n\t\t\t\t\t\t<section class=\"elementor-section elementor-inner-section elementor-element elementor-element-f9920cd elementor-section-boxed elementor-section-height-default elementor-section-height-default\" data-id=\"f9920cd\" data-element_type=\"section\">\n\t\t\t\t\t\t<div class=\"elementor-container elementor-column-gap-default\">\n\t\t\t\t\t<div class=\"elementor-column elementor-col-50 elementor-inner-column elementor-element elementor-element-8ddd258\" data-id=\"8ddd258\" data-element_type=\"column\">\n\t\t\t<div class=\"elementor-widget-wrap elementor-element-populated\">\n\t\t\t\t\t\t<div class=\"elementor-element elementor-element-8eb2faf elementor-widget elementor-widget-heading\" data-id=\"8eb2faf\" data-element_type=\"widget\" data-settings=\"{&quot;ultimate_floating_fx_translate_y&quot;:{&quot;unit&quot;:&quot;px&quot;,&quot;size&quot;:&quot;&quot;,&quot;sizes&quot;:[]}}\" data-widget_type=\"heading.default\">\n\t\t\t\t<div class=\"elementor-widget-container\">\n\t\t\t\t\t<h2 class=\"elementor-heading-title elementor-size-default\">English Sitemap<\/h2>\t\t\t\t<\/div>\n\t\t\t\t<\/div>\n\t\t\t\t<div class=\"elementor-element elementor-element-3873e03 elementor-widget elementor-widget-text-editor\" data-id=\"3873e03\" data-element_type=\"widget\" data-settings=\"{&quot;ultimate_floating_fx_translate_y&quot;:{&quot;unit&quot;:&quot;px&quot;,&quot;size&quot;:&quot;&quot;,&quot;sizes&quot;:[]}}\" data-widget_type=\"text-editor.default\">\n\t\t\t\t<div class=\"elementor-widget-container\">\n\t\t\t\t\t\t\t\t\t<table width=\"630\">\n<tbody>\n<tr>\n<td width=\"288\">URL<\/td>\n<td width=\"342\">Page<\/td>\n<\/tr>\n<tr>\n<td width=\"288\"><a href=\"https:\/\/onlinefactory.org\/hu\/\">https:\/\/onlinefactory.org\/<\/a><\/td>\n<td width=\"342\">Nyit\u00f3lap<\/td>\n<\/tr>\n<tr>\n<td width=\"288\"><a href=\"https:\/\/onlinefactory.org\/hu\/contact-us\/\">https:\/\/onlinefactory.org\/contact-us\/<\/a><\/td>\n<td width=\"342\">Kapcsolat<\/td>\n<\/tr>\n<tr>\n<td width=\"288\"><a href=\"https:\/\/onlinefactory.org\/hu\/services\/\">https:\/\/onlinefactory.org\/services\/<\/a><\/td>\n<td width=\"342\">Szolg\u00e1ltat\u00e1sok<\/td>\n<\/tr>\n<tr>\n<td width=\"288\"><a href=\"https:\/\/onlinefactory.org\/hu\/about-us\/\">https:\/\/onlinefactory.org\/about-us\/<\/a><\/td>\n<td width=\"342\">R\u00f3lunk<\/td>\n<\/tr>\n<tr>\n<td width=\"288\"><a href=\"https:\/\/onlinefactory.org\/hu\/projects\/\">https:\/\/onlinefactory.org\/projects\/<\/a><\/td>\n<td width=\"342\">Projektek<\/td>\n<\/tr>\n<tr>\n<td width=\"288\"><a href=\"https:\/\/onlinefactory.org\/hu\/faqs\/\">https:\/\/onlinefactory.org\/faqs\/<\/a><\/td>\n<td width=\"342\">FAQ<\/td>\n<\/tr>\n<tr>\n<td width=\"288\"><a href=\"https:\/\/onlinefactory.org\/hu\/site-map\/\">https:\/\/onlinefactory.org\/site-map\/<\/a><\/td>\n<td width=\"342\">Site Map<\/td>\n<\/tr>\n<tr>\n<td>&nbsp;<\/td>\n<td>&nbsp;<\/td>\n<\/tr>\n<tr>\n<td width=\"288\">URL<\/td>\n<td width=\"342\">Project<\/td>\n<\/tr>\n<tr>\n<td width=\"288\"><a href=\"https:\/\/onlinefactory.org\/hu\/portfolio\/mobile-applications\/\">https:\/\/onlinefactory.org\/portfolio\/mobile-applications\/<\/a><\/td>\n<td width=\"342\">Mobile application project<\/td>\n<\/tr>\n<tr>\n<td width=\"288\"><a href=\"https:\/\/onlinefactory.org\/hu\/portfolio\/acquisition-projects\/\">https:\/\/onlinefactory.org\/portfolio\/acquisition-projects\/<\/a><\/td>\n<td width=\"342\">Acquisition project<\/td>\n<\/tr>\n<tr>\n<td width=\"288\"><a href=\"https:\/\/onlinefactory.org\/hu\/portfolio\/e-commerce-solutions\/\">https:\/\/onlinefactory.org\/portfolio\/e-commerce-solutions\/<\/a><\/td>\n<td width=\"342\">E-Commerce Solution<\/td>\n<\/tr>\n<tr>\n<td width=\"288\"><a href=\"https:\/\/onlinefactory.org\/hu\/portfolio\/enterprise-and-customer-management-system-erp-crm\/\">https:\/\/onlinefactory.org\/portfolio\/enterprise-and-customer-management-system-erp-crm\/<\/a><\/td>\n<td width=\"342\">ERP and CRM<\/td>\n<\/tr>\n<tr>\n<td width=\"288\"><a href=\"https:\/\/onlinefactory.org\/hu\/portfolio\/industrial-quality-management-systems\/\">https:\/\/onlinefactory.org\/portfolio\/industrial-quality-management-systems\/<\/a><\/td>\n<td width=\"342\">Quality Management System<\/td>\n<\/tr>\n<tr>\n<td width=\"288\"><a href=\"https:\/\/onlinefactory.org\/hu\/portfolio\/warehouse-management-systems\/\">https:\/\/onlinefactory.org\/portfolio\/warehouse-management-systems\/<\/a><\/td>\n<td width=\"342\">Warehouse Management System<\/td>\n<\/tr>\n<tr>\n<td width=\"288\"><a href=\"https:\/\/onlinefactory.org\/hu\/portfolio\/energy-management-and-allocation\/\">https:\/\/onlinefactory.org\/portfolio\/energy-management-and-allocation\/<\/a><\/td>\n<td width=\"342\">Energy management System<\/td>\n<\/tr>\n<\/tbody>\n<\/table>\t\t\t\t\t\t\t\t<\/div>\n\t\t\t\t<\/div>\n\t\t\t\t\t<\/div>\n\t\t<\/div>\n\t\t\t\t<div class=\"elementor-column elementor-col-50 elementor-inner-column elementor-element elementor-element-6c93235\" data-id=\"6c93235\" data-element_type=\"column\">\n\t\t\t<div class=\"elementor-widget-wrap elementor-element-populated\">\n\t\t\t\t\t\t<div class=\"elementor-element elementor-element-39ed4e8 elementor-widget elementor-widget-heading\" data-id=\"39ed4e8\" data-element_type=\"widget\" data-settings=\"{&quot;ultimate_floating_fx_translate_y&quot;:{&quot;unit&quot;:&quot;px&quot;,&quot;size&quot;:&quot;&quot;,&quot;sizes&quot;:[]}}\" data-widget_type=\"heading.default\">\n\t\t\t\t<div class=\"elementor-widget-container\">\n\t\t\t\t\t<h2 class=\"elementor-heading-title elementor-size-default\">Magyar oldalt\u00e9rk\u00e9p<\/h2>\t\t\t\t<\/div>\n\t\t\t\t<\/div>\n\t\t\t\t<div class=\"elementor-element elementor-element-b1df86e elementor-widget elementor-widget-text-editor\" data-id=\"b1df86e\" data-element_type=\"widget\" data-settings=\"{&quot;ultimate_floating_fx_translate_y&quot;:{&quot;unit&quot;:&quot;px&quot;,&quot;size&quot;:&quot;&quot;,&quot;sizes&quot;:[]}}\" data-widget_type=\"text-editor.default\">\n\t\t\t\t<div class=\"elementor-widget-container\">\n\t\t\t\t\t\t\t\t\t<table width=\"607\"><tbody><tr><td width=\"366\">URL<\/td><td width=\"241\">Oldal<\/td><\/tr><tr><td width=\"366\"><a href=\"https:\/\/onlinefactory.org\/hu\/\">https:\/\/onlinefactory.org\/hu\/<\/a><\/td><td width=\"241\">Nyit\u00f3lap<\/td><\/tr><tr><td width=\"366\"><a href=\"https:\/\/onlinefactory.org\/hu\/contact-us\/\">https:\/\/onlinefactory.org\/hu\/contact-us\/<\/a><\/td><td width=\"241\">Kapcsolat<\/td><\/tr><tr><td width=\"366\"><a href=\"https:\/\/onlinefactory.org\/hu\/services\/\">https:\/\/onlinefactory.org\/hu\/services\/<\/a><\/td><td width=\"241\">Szolg\u00e1ltat\u00e1sok<\/td><\/tr><tr><td width=\"366\"><a href=\"https:\/\/onlinefactory.org\/hu\/about-us\/\">https:\/\/onlinefactory.org\/hu\/about-us\/<\/a><\/td><td width=\"241\">R\u00f3lunk<\/td><\/tr><tr><td width=\"366\"><a href=\"https:\/\/onlinefactory.org\/hu\/projects\/\">https:\/\/onlinefactory.org\/hu\/projects\/<\/a><\/td><td width=\"241\">Projektek<\/td><\/tr><tr><td width=\"366\"><a href=\"https:\/\/onlinefactory.org\/hu\/faqs\/\">https:\/\/onlinefactory.org\/hu\/faqs\/<\/a><\/td><td width=\"241\">GyiK<\/td><\/tr><tr><td width=\"366\"><a href=\"https:\/\/onlinefactory.org\/hu\/site-map\/\">https:\/\/onlinefactory.org\/hu\/site-map\/<\/a><\/td><td width=\"241\">Oldalt\u00e9rk\u00e9p<\/td><\/tr><tr><td>\u00a0<\/td><td>\u00a0<\/td><\/tr><tr><td width=\"366\">URL<\/td><td width=\"241\">Projekt<\/td><\/tr><tr><td width=\"366\"><a href=\"https:\/\/onlinefactory.org\/hu\/portfolio\/hu\/mobile-applications\/\">https:\/\/onlinefactory.org\/hu\/portfolio\/mobile-applications\/<\/a><\/td><td width=\"241\">Mobli alkalmaz\u00e1s projekt<\/td><\/tr><tr><td width=\"366\"><a href=\"https:\/\/onlinefactory.org\/hu\/portfolio\/hu\/acquisition-projects\/\">https:\/\/onlinefactory.org\/hu\/portfolio\/acquisition-projects\/<\/a><\/td><td width=\"241\">Akvizici\u00f3s projekt<\/td><\/tr><tr><td width=\"366\"><a href=\"https:\/\/onlinefactory.org\/hu\/portfolio\/e-commerce-solutions\/\">https:\/\/onlinefactory.org\/hu\/portfolio\/e-commerce-solutions\/<\/a><\/td><td width=\"241\">E-Commerce megold\u00e1sok<\/td><\/tr><tr><td width=\"366\"><a href=\"https:\/\/onlinefactory.org\/hu\/portfolio\/enterprise-and-customer-management-system-erp-crm\/\">https:\/\/onlinefactory.org\/hu\/portfolio\/enterprise-and-customer-management-system-erp-crm\/<\/a><\/td><td width=\"241\">ERP \u00e9s CRM<\/td><\/tr><tr><td width=\"366\"><a href=\"https:\/\/onlinefactory.org\/hu\/portfolio\/industrial-quality-management-systems\/\">https:\/\/onlinefactory.org\/hu\/portfolio\/industrial-quality-management-systems\/<\/a><\/td><td width=\"241\">Min\u0151s\u00e9g ellen\u0151rz\u00e9si rendszer<\/td><\/tr><tr><td width=\"366\"><a href=\"https:\/\/onlinefactory.org\/hu\/portfolio\/warehouse-management-systems\/\">https:\/\/onlinefactory.org\/hu\/portfolio\/warehouse-management-systems\/<\/a><\/td><td width=\"241\">Raktroz\u00e1si rendszer<\/td><\/tr><tr><td width=\"366\"><a href=\"https:\/\/onlinefactory.org\/hu\/portfolio\/energy-management-and-allocation\/\">https:\/\/onlinefactory.org\/hu\/portfolio\/energy-management-and-allocation\/<\/a><\/td><td width=\"241\">Energia eloszt\u00e1si rendszer<\/td><\/tr><\/tbody><\/table>\t\t\t\t\t\t\t\t<\/div>\n\t\t\t\t<\/div>\n\t\t\t\t\t<\/div>\n\t\t<\/div>\n\t\t\t\t\t<\/div>\n\t\t<\/section>\n\t\t\t\t\t<\/div>\n\t\t<\/div>\n\t\t\t\t\t<\/div>\n\t\t<\/section>\n\t\t\t\t<\/div>","protected":false},"excerpt":{"rendered":"<p>English Sitemap URL Page https:\/\/onlinefactory.org\/ Home https:\/\/onlinefactory.org\/contact-us\/ Contact Us https:\/\/onlinefactory.org\/services\/ Services https:\/\/onlinefactory.org\/about-us\/ About Us https:\/\/onlinefactory.org\/projects\/ Projects https:\/\/onlinefactory.org\/faqs\/ FAQ https:\/\/onlinefactory.org\/site-map\/ Site [&hellip;]<\/p>","protected":false},"author":1,"featured_media":0,"parent":0,"menu_order":0,"comment_status":"closed","ping_status":"closed","template":"","meta":{"_monsterinsights_skip_tracking":false,"_monsterinsights_sitenote_active":false,"_monsterinsights_sitenote_note":"","_monsterinsights_sitenote_category":0,"footnotes":""},"class_list":["post-4526","page","type-page","status-publish","hentry","no-post-thumbnail"],"yoast_head":"<!-- This site is optimized with the Yoast SEO plugin v25.5 - https:\/\/yoast.com\/wordpress\/plugins\/seo\/ -->\n<title>Site Map - Online Factory - Producing Quality Service &amp; Solutions<\/title>\n<meta name=\"robots\" content=\"index, follow, max-snippet:-1, max-image-preview:large, max-video-preview:-1\" \/>\n<link rel=\"canonical\" href=\"https:\/\/onlinefactory.org\/hu\/site-map\/\" \/>\n<meta property=\"og:locale\" content=\"hu_HU\" \/>\n<meta property=\"og:type\" content=\"article\" \/>\n<meta property=\"og:title\" content=\"Site Map - Online Factory - Producing Quality Service &amp; Solutions\" \/>\n<meta property=\"og:description\" content=\"English Sitemap URL Page https:\/\/onlinefactory.org\/ Home https:\/\/onlinefactory.org\/contact-us\/ Contact Us https:\/\/onlinefactory.org\/services\/ Services https:\/\/onlinefactory.org\/about-us\/ About Us https:\/\/onlinefactory.org\/projects\/ Projects https:\/\/onlinefactory.org\/faqs\/ FAQ https:\/\/onlinefactory.org\/site-map\/ Site [&hellip;]\" \/>\n<meta property=\"og:url\" content=\"https:\/\/onlinefactory.org\/hu\/site-map\/\" \/>\n<meta property=\"og:site_name\" content=\"Online Factory - Producing Quality Service &amp; Solutions\" \/>\n<meta property=\"article:publisher\" content=\"https:\/\/www.facebook.com\/profile.php?id=61556089994054\" \/>\n<meta property=\"article:modified_time\" content=\"2024-02-14T09:51:57+00:00\" \/>\n<meta name=\"twitter:card\" content=\"summary_large_image\" \/>\n<meta name=\"twitter:label1\" content=\"Becs\u00fclt olvas\u00e1si id\u0151\" \/>\n\t<meta name=\"twitter:data1\" content=\"1 perc\" \/>\n<script type=\"application\/ld+json\" class=\"yoast-schema-graph\">{\"@context\":\"https:\/\/schema.org\",\"@graph\":[{\"@type\":\"WebPage\",\"@id\":\"https:\/\/onlinefactory.org\/site-map\/\",\"url\":\"https:\/\/onlinefactory.org\/site-map\/\",\"name\":\"Site Map - Online Factory - Producing Quality Service &amp; Solutions\",\"isPartOf\":{\"@id\":\"https:\/\/onlinefactory.org\/#website\"},\"datePublished\":\"2024-02-14T09:37:21+00:00\",\"dateModified\":\"2024-02-14T09:51:57+00:00\",\"breadcrumb\":{\"@id\":\"https:\/\/onlinefactory.org\/site-map\/#breadcrumb\"},\"inLanguage\":\"hu\",\"potentialAction\":[{\"@type\":\"ReadAction\",\"target\":[\"https:\/\/onlinefactory.org\/site-map\/\"]}]},{\"@type\":\"BreadcrumbList\",\"@id\":\"https:\/\/onlinefactory.org\/site-map\/#breadcrumb\",\"itemListElement\":[{\"@type\":\"ListItem\",\"position\":1,\"name\":\"Home\",\"item\":\"https:\/\/onlinefactory.org\/\"},{\"@type\":\"ListItem\",\"position\":2,\"name\":\"Site Map\"}]},{\"@type\":\"WebSite\",\"@id\":\"https:\/\/onlinefactory.org\/#website\",\"url\":\"https:\/\/onlinefactory.org\/\",\"name\":\"Online Factory - Producing Quality Service & Solutions\",\"description\":\"We speak fluent tech, from vintage to cutting-edge. Let&#039;s translate your vision into reality.\",\"publisher\":{\"@id\":\"https:\/\/onlinefactory.org\/#organization\"},\"potentialAction\":[{\"@type\":\"SearchAction\",\"target\":{\"@type\":\"EntryPoint\",\"urlTemplate\":\"https:\/\/onlinefactory.org\/?s={search_term_string}\"},\"query-input\":{\"@type\":\"PropertyValueSpecification\",\"valueRequired\":true,\"valueName\":\"search_term_string\"}}],\"inLanguage\":\"hu\"},{\"@type\":\"Organization\",\"@id\":\"https:\/\/onlinefactory.org\/#organization\",\"name\":\"Online Factory Kft.\",\"url\":\"https:\/\/onlinefactory.org\/\",\"logo\":{\"@type\":\"ImageObject\",\"inLanguage\":\"hu\",\"@id\":\"https:\/\/onlinefactory.org\/#\/schema\/logo\/image\/\",\"url\":\"https:\/\/onlinefactory.org\/wp-content\/uploads\/2024\/02\/OLFBlack.png\",\"contentUrl\":\"https:\/\/onlinefactory.org\/wp-content\/uploads\/2024\/02\/OLFBlack.png\",\"width\":180,\"height\":65,\"caption\":\"Online Factory Kft.\"},\"image\":{\"@id\":\"https:\/\/onlinefactory.org\/#\/schema\/logo\/image\/\"},\"sameAs\":[\"https:\/\/www.facebook.com\/profile.php?id=61556089994054\",\"https:\/\/www.instagram.com\/onlinefactoryorg\/\"]}]}<\/script>\n<!-- \/ Yoast SEO plugin. -->","yoast_head_json":{"title":"Site Map - Online Factory - Producing Quality Service &amp; Solutions","robots":{"index":"index","follow":"follow","max-snippet":"max-snippet:-1","max-image-preview":"max-image-preview:large","max-video-preview":"max-video-preview:-1"},"canonical":"https:\/\/onlinefactory.org\/hu\/site-map\/","og_locale":"hu_HU","og_type":"article","og_title":"Site Map - Online Factory - Producing Quality Service &amp; Solutions","og_description":"English Sitemap URL Page https:\/\/onlinefactory.org\/ Home https:\/\/onlinefactory.org\/contact-us\/ Contact Us https:\/\/onlinefactory.org\/services\/ Services https:\/\/onlinefactory.org\/about-us\/ About Us https:\/\/onlinefactory.org\/projects\/ Projects https:\/\/onlinefactory.org\/faqs\/ FAQ https:\/\/onlinefactory.org\/site-map\/ Site [&hellip;]","og_url":"https:\/\/onlinefactory.org\/hu\/site-map\/","og_site_name":"Online Factory - Producing Quality Service &amp; Solutions","article_publisher":"https:\/\/www.facebook.com\/profile.php?id=61556089994054","article_modified_time":"2024-02-14T09:51:57+00:00","twitter_card":"summary_large_image","twitter_misc":{"Becs\u00fclt olvas\u00e1si id\u0151":"1 perc"},"schema":{"@context":"https:\/\/schema.org","@graph":[{"@type":"WebPage","@id":"https:\/\/onlinefactory.org\/site-map\/","url":"https:\/\/onlinefactory.org\/site-map\/","name":"Site Map - Online Factory - Producing Quality Service &amp; Solutions","isPartOf":{"@id":"https:\/\/onlinefactory.org\/#website"},"datePublished":"2024-02-14T09:37:21+00:00","dateModified":"2024-02-14T09:51:57+00:00","breadcrumb":{"@id":"https:\/\/onlinefactory.org\/site-map\/#breadcrumb"},"inLanguage":"hu","potentialAction":[{"@type":"ReadAction","target":["https:\/\/onlinefactory.org\/site-map\/"]}]},{"@type":"BreadcrumbList","@id":"https:\/\/onlinefactory.org\/site-map\/#breadcrumb","itemListElement":[{"@type":"ListItem","position":1,"name":"Home","item":"https:\/\/onlinefactory.org\/"},{"@type":"ListItem","position":2,"name":"Site Map"}]},{"@type":"WebSite","@id":"https:\/\/onlinefactory.org\/#website","url":"https:\/\/onlinefactory.org\/","name":"Online Factory - Producing Quality Service & Solutions","description":"We speak fluent tech, from vintage to cutting-edge. Let&#039;s translate your vision into reality.","publisher":{"@id":"https:\/\/onlinefactory.org\/#organization"},"potentialAction":[{"@type":"SearchAction","target":{"@type":"EntryPoint","urlTemplate":"https:\/\/onlinefactory.org\/?s={search_term_string}"},"query-input":{"@type":"PropertyValueSpecification","valueRequired":true,"valueName":"search_term_string"}}],"inLanguage":"hu"},{"@type":"Organization","@id":"https:\/\/onlinefactory.org\/#organization","name":"Online Factory Kft.","url":"https:\/\/onlinefactory.org\/","logo":{"@type":"ImageObject","inLanguage":"hu","@id":"https:\/\/onlinefactory.org\/#\/schema\/logo\/image\/","url":"https:\/\/onlinefactory.org\/wp-content\/uploads\/2024\/02\/OLFBlack.png","contentUrl":"https:\/\/onlinefactory.org\/wp-content\/uploads\/2024\/02\/OLFBlack.png","width":180,"height":65,"caption":"Online Factory Kft."},"image":{"@id":"https:\/\/onlinefactory.org\/#\/schema\/logo\/image\/"},"sameAs":["https:\/\/www.facebook.com\/profile.php?id=61556089994054","https:\/\/www.instagram.com\/onlinefactoryorg\/"]}]}},"_links":{"self":[{"href":"https:\/\/onlinefactory.org\/hu\/wp-json\/wp\/v2\/pages\/4526","targetHints":{"allow":["GET"]}}],"collection":[{"href":"https:\/\/onlinefactory.org\/hu\/wp-json\/wp\/v2\/pages"}],"about":[{"href":"https:\/\/onlinefactory.org\/hu\/wp-json\/wp\/v2\/types\/page"}],"author":[{"embeddable":true,"href":"https:\/\/onlinefactory.org\/hu\/wp-json\/wp\/v2\/users\/1"}],"replies":[{"embeddable":true,"href":"https:\/\/onlinefactory.org\/hu\/wp-json\/wp\/v2\/comments?post=4526"}],"version-history":[{"count":0,"href":"https:\/\/onlinefactory.org\/hu\/wp-json\/wp\/v2\/pages\/4526\/revisions"}],"wp:attachment":[{"href":"https:\/\/onlinefactory.org\/hu\/wp-json\/wp\/v2\/media?parent=4526"}],"curies":[{"name":"wp","href":"https:\/\/api.w.org\/{rel}","templated":true}]}}